{"id":10653,"date":"2025-03-31T08:15:28","date_gmt":"2025-03-31T08:15:28","guid":{"rendered":"https:\/\/www.stilnovo.com\/collection\/all\/honey-3"},"modified":"2025-06-06T10:04:21","modified_gmt":"2025-06-06T10:04:21","slug":"honey-3","status":"publish","type":"product","link":"https:\/\/stilnovo.trizerolab.it\/es\/collection\/suspension-es\/honey-3\/","title":{"rendered":"Honey"},"content":{"rendered":"<p>Honey explora la relaci\u00f3n entre luz y forma a trav\u00e9s de un lenguaje modular. Cada elemento se combina en armon\u00eda, creando estructuras ligeras y din\u00e1micas. La distribuci\u00f3n de la luz est\u00e1 dise\u00f1ada para resaltar la tridimensionalidad de la composici\u00f3n, logrando un equilibrio perfecto entre iluminaci\u00f3n directa e indirecta.<\/p>\n","protected":false},"featured_media":6054,"template":"","product-category":[83],"class_list":["post-10653","product","type-product","status-publish","has-post-thumbnail","hentry","product-category-suspension-es"],"acf":[],"_links":{"self":[{"href":"https:\/\/stilnovo.trizerolab.it\/es\/wp-json\/wp\/v2\/product\/10653","targetHints":{"allow":["GET"]}}],"collection":[{"href":"https:\/\/stilnovo.trizerolab.it\/es\/wp-json\/wp\/v2\/product"}],"about":[{"href":"https:\/\/stilnovo.trizerolab.it\/es\/wp-json\/wp\/v2\/types\/product"}],"wp:featuredmedia":[{"embeddable":true,"href":"https:\/\/stilnovo.trizerolab.it\/es\/wp-json\/wp\/v2\/media\/6054"}],"wp:attachment":[{"href":"https:\/\/stilnovo.trizerolab.it\/es\/wp-json\/wp\/v2\/media?parent=10653"}],"wp:term":[{"taxonomy":"product-category","embeddable":true,"href":"https:\/\/stilnovo.trizerolab.it\/es\/wp-json\/wp\/v2\/product-category?post=10653"}],"curies":[{"name":"wp","href":"https:\/\/api.w.org\/{rel}","templated":true}]}}