{"id":10654,"date":"2025-03-31T08:15:28","date_gmt":"2025-03-31T08:15:28","guid":{"rendered":"https:\/\/www.stilnovo.com\/collection\/all\/galassia-2-2"},"modified":"2025-05-06T14:27:43","modified_gmt":"2025-05-06T14:27:43","slug":"galassia-2-2","status":"publish","type":"product","link":"https:\/\/stilnovo.trizerolab.it\/es\/collection\/suspension-es\/galassia-2-2\/","title":{"rendered":"Galassia"},"content":{"rendered":"<p>Galassia Suspension es un homenaje al dise\u00f1o de los a\u00f1os 50, un equilibrio perfecto entre forma y funci\u00f3n. La estructura de lat\u00f3n con ba\u00f1o dorado galvanizado se combina armoniosamente con los difusores de vidrio triplex blanco, dando vida a una l\u00e1mpara con un car\u00e1cter fuerte y sofisticado. Disponible en versiones de seis o doce luces, Galassia llena los espacios de personalidad e ilumina con una elegancia atemporal.<\/p>\n","protected":false},"featured_media":6024,"template":"","product-category":[83],"class_list":["post-10654","product","type-product","status-publish","has-post-thumbnail","hentry","product-category-suspension-es"],"acf":[],"_links":{"self":[{"href":"https:\/\/stilnovo.trizerolab.it\/es\/wp-json\/wp\/v2\/product\/10654","targetHints":{"allow":["GET"]}}],"collection":[{"href":"https:\/\/stilnovo.trizerolab.it\/es\/wp-json\/wp\/v2\/product"}],"about":[{"href":"https:\/\/stilnovo.trizerolab.it\/es\/wp-json\/wp\/v2\/types\/product"}],"wp:featuredmedia":[{"embeddable":true,"href":"https:\/\/stilnovo.trizerolab.it\/es\/wp-json\/wp\/v2\/media\/6024"}],"wp:attachment":[{"href":"https:\/\/stilnovo.trizerolab.it\/es\/wp-json\/wp\/v2\/media?parent=10654"}],"wp:term":[{"taxonomy":"product-category","embeddable":true,"href":"https:\/\/stilnovo.trizerolab.it\/es\/wp-json\/wp\/v2\/product-category?post=10654"}],"curies":[{"name":"wp","href":"https:\/\/api.w.org\/{rel}","templated":true}]}}