{"id":10656,"date":"2025-03-31T08:15:27","date_gmt":"2025-03-31T08:15:27","guid":{"rendered":"https:\/\/www.stilnovo.com\/collection\/all\/demi-3"},"modified":"2025-05-06T14:27:43","modified_gmt":"2025-05-06T14:27:43","slug":"demi-3","status":"publish","type":"product","link":"https:\/\/stilnovo.trizerolab.it\/es\/collection\/suspension-es\/demi-3\/","title":{"rendered":"Dem\u00ec"},"content":{"rendered":"<p>Cuando est\u00e1 apagada, Dem\u00ec se percibe como una gran c\u00fapula transparente, una presencia ligera y sutil en el espacio. Pero al encenderse, revela su singularidad: el borde inferior y las microincisiones l\u00e1ser difunden una luz suave y homog\u00e9nea.<\/p>\n","protected":false},"featured_media":5964,"template":"","product-category":[83],"class_list":["post-10656","product","type-product","status-publish","has-post-thumbnail","hentry","product-category-suspension-es"],"acf":[],"_links":{"self":[{"href":"https:\/\/stilnovo.trizerolab.it\/es\/wp-json\/wp\/v2\/product\/10656","targetHints":{"allow":["GET"]}}],"collection":[{"href":"https:\/\/stilnovo.trizerolab.it\/es\/wp-json\/wp\/v2\/product"}],"about":[{"href":"https:\/\/stilnovo.trizerolab.it\/es\/wp-json\/wp\/v2\/types\/product"}],"wp:featuredmedia":[{"embeddable":true,"href":"https:\/\/stilnovo.trizerolab.it\/es\/wp-json\/wp\/v2\/media\/5964"}],"wp:attachment":[{"href":"https:\/\/stilnovo.trizerolab.it\/es\/wp-json\/wp\/v2\/media?parent=10656"}],"wp:term":[{"taxonomy":"product-category","embeddable":true,"href":"https:\/\/stilnovo.trizerolab.it\/es\/wp-json\/wp\/v2\/product-category?post=10656"}],"curies":[{"name":"wp","href":"https:\/\/api.w.org\/{rel}","templated":true}]}}