{"id":10657,"date":"2025-03-31T08:15:27","date_gmt":"2025-03-31T08:15:27","guid":{"rendered":"https:\/\/www.stilnovo.com\/collection\/all\/campana-2"},"modified":"2025-05-06T14:27:43","modified_gmt":"2025-05-06T14:27:43","slug":"campana-2","status":"publish","type":"product","link":"https:\/\/stilnovo.trizerolab.it\/es\/collection\/suspension-es\/campana-2\/","title":{"rendered":"Campana"},"content":{"rendered":"<p>Desde 1969, Campana representa la esencia del estilo pop, una \u00e9poca de formas atrevidas y colores vibrantes. A\u00fan vigente hoy en d\u00eda, conserva su est\u00e9tica distintiva y el encanto de un dise\u00f1o que ha trascendido generaciones. A medio camino entre el dise\u00f1o y la funcionalidad, Campana sigue siendo un referente en el mundo de la iluminaci\u00f3n. Una presencia esc\u00e9nica que, al igual que su \u00e9poca de origen, sigue sorprendiendo.<\/p>\n","protected":false},"featured_media":5934,"template":"","product-category":[83],"class_list":["post-10657","product","type-product","status-publish","has-post-thumbnail","hentry","product-category-suspension-es"],"acf":[],"_links":{"self":[{"href":"https:\/\/stilnovo.trizerolab.it\/es\/wp-json\/wp\/v2\/product\/10657","targetHints":{"allow":["GET"]}}],"collection":[{"href":"https:\/\/stilnovo.trizerolab.it\/es\/wp-json\/wp\/v2\/product"}],"about":[{"href":"https:\/\/stilnovo.trizerolab.it\/es\/wp-json\/wp\/v2\/types\/product"}],"wp:featuredmedia":[{"embeddable":true,"href":"https:\/\/stilnovo.trizerolab.it\/es\/wp-json\/wp\/v2\/media\/5934"}],"wp:attachment":[{"href":"https:\/\/stilnovo.trizerolab.it\/es\/wp-json\/wp\/v2\/media?parent=10657"}],"wp:term":[{"taxonomy":"product-category","embeddable":true,"href":"https:\/\/stilnovo.trizerolab.it\/es\/wp-json\/wp\/v2\/product-category?post=10657"}],"curies":[{"name":"wp","href":"https:\/\/api.w.org\/{rel}","templated":true}]}}