{"id":10660,"date":"2025-03-31T08:15:27","date_gmt":"2025-03-31T08:15:27","guid":{"rendered":"https:\/\/www.stilnovo.com\/collection\/all\/topo-2-2"},"modified":"2025-05-06T14:27:43","modified_gmt":"2025-05-06T14:27:43","slug":"topo-2-2","status":"publish","type":"product","link":"https:\/\/stilnovo.trizerolab.it\/es\/collection\/suelo-es\/topo-2-2\/","title":{"rendered":"Topo"},"content":{"rendered":"<p>Topo es un objeto de dise\u00f1o con un encanto retro, inspirado en los coches deportivos de los a\u00f1os 60. Las ranuras en la pantalla de metal evocan las entradas de aire de los veh\u00edculos de \u00e9poca, mientras que la forma de la pantalla refleja el contorno de la cl\u00e1sica bombilla E27, combinando funcionalidad y est\u00e9tica.<\/p>\n","protected":false},"featured_media":7840,"template":"","product-category":[87],"class_list":["post-10660","product","type-product","status-publish","has-post-thumbnail","hentry","product-category-suelo-es"],"acf":[],"_links":{"self":[{"href":"https:\/\/stilnovo.trizerolab.it\/es\/wp-json\/wp\/v2\/product\/10660","targetHints":{"allow":["GET"]}}],"collection":[{"href":"https:\/\/stilnovo.trizerolab.it\/es\/wp-json\/wp\/v2\/product"}],"about":[{"href":"https:\/\/stilnovo.trizerolab.it\/es\/wp-json\/wp\/v2\/types\/product"}],"wp:featuredmedia":[{"embeddable":true,"href":"https:\/\/stilnovo.trizerolab.it\/es\/wp-json\/wp\/v2\/media\/7840"}],"wp:attachment":[{"href":"https:\/\/stilnovo.trizerolab.it\/es\/wp-json\/wp\/v2\/media?parent=10660"}],"wp:term":[{"taxonomy":"product-category","embeddable":true,"href":"https:\/\/stilnovo.trizerolab.it\/es\/wp-json\/wp\/v2\/product-category?post=10660"}],"curies":[{"name":"wp","href":"https:\/\/api.w.org\/{rel}","templated":true}]}}