{"id":10662,"date":"2025-03-31T08:15:26","date_gmt":"2025-03-31T08:15:26","guid":{"rendered":"https:\/\/www.stilnovo.com\/collection\/all\/periscopio-2-2"},"modified":"2025-05-06T14:27:48","modified_gmt":"2025-05-06T14:27:48","slug":"periscopio-2-2","status":"publish","type":"product","link":"https:\/\/stilnovo.trizerolab.it\/es\/collection\/suelo-es\/periscopio-2-2\/","title":{"rendered":"Periscopio"},"content":{"rendered":"<p>Dise\u00f1ada en el verdadero esp\u00edritu de la era espacial, la l\u00e1mpara Periscopio captura el encanto futurista de los a\u00f1os 60. Su articulaci\u00f3n, recubierta de goma flexible, recuerda las conexiones de los trajes de astronauta y combina funcionalidad con un estilo retrofuturista.<\/p>\n","protected":false},"featured_media":5789,"template":"","product-category":[87],"class_list":["post-10662","product","type-product","status-publish","has-post-thumbnail","hentry","product-category-suelo-es"],"acf":[],"_links":{"self":[{"href":"https:\/\/stilnovo.trizerolab.it\/es\/wp-json\/wp\/v2\/product\/10662","targetHints":{"allow":["GET"]}}],"collection":[{"href":"https:\/\/stilnovo.trizerolab.it\/es\/wp-json\/wp\/v2\/product"}],"about":[{"href":"https:\/\/stilnovo.trizerolab.it\/es\/wp-json\/wp\/v2\/types\/product"}],"wp:featuredmedia":[{"embeddable":true,"href":"https:\/\/stilnovo.trizerolab.it\/es\/wp-json\/wp\/v2\/media\/5789"}],"wp:attachment":[{"href":"https:\/\/stilnovo.trizerolab.it\/es\/wp-json\/wp\/v2\/media?parent=10662"}],"wp:term":[{"taxonomy":"product-category","embeddable":true,"href":"https:\/\/stilnovo.trizerolab.it\/es\/wp-json\/wp\/v2\/product-category?post=10662"}],"curies":[{"name":"wp","href":"https:\/\/api.w.org\/{rel}","templated":true}]}}