{"id":10693,"date":"2025-03-31T08:15:26","date_gmt":"2025-03-31T08:15:26","guid":{"rendered":"https:\/\/www.stilnovo.com\/collection\/all\/oxygen-3"},"modified":"2025-05-06T14:27:48","modified_gmt":"2025-05-06T14:27:48","slug":"oxygen-3","status":"publish","type":"product","link":"https:\/\/stilnovo.trizerolab.it\/es\/collection\/suelo-es\/oxygen-3\/","title":{"rendered":"Oxygen"},"content":{"rendered":"<p>La l\u00e1mpara de pie Oxygen se presenta en dos variantes de soporte: un cl\u00e1sico tallo vertical y una elegante estructura en arco. Esta doble opci\u00f3n la convierte en una elecci\u00f3n ideal para adaptarse a diferentes espacios habitables y estilos decorativos, ofreciendo siempre un toque de sofisticaci\u00f3n.<\/p>\n","protected":false},"featured_media":8408,"template":"","product-category":[87],"class_list":["post-10693","product","type-product","status-publish","has-post-thumbnail","hentry","product-category-suelo-es"],"acf":[],"_links":{"self":[{"href":"https:\/\/stilnovo.trizerolab.it\/es\/wp-json\/wp\/v2\/product\/10693","targetHints":{"allow":["GET"]}}],"collection":[{"href":"https:\/\/stilnovo.trizerolab.it\/es\/wp-json\/wp\/v2\/product"}],"about":[{"href":"https:\/\/stilnovo.trizerolab.it\/es\/wp-json\/wp\/v2\/types\/product"}],"wp:featuredmedia":[{"embeddable":true,"href":"https:\/\/stilnovo.trizerolab.it\/es\/wp-json\/wp\/v2\/media\/8408"}],"wp:attachment":[{"href":"https:\/\/stilnovo.trizerolab.it\/es\/wp-json\/wp\/v2\/media?parent=10693"}],"wp:term":[{"taxonomy":"product-category","embeddable":true,"href":"https:\/\/stilnovo.trizerolab.it\/es\/wp-json\/wp\/v2\/product-category?post=10693"}],"curies":[{"name":"wp","href":"https:\/\/api.w.org\/{rel}","templated":true}]}}