{"id":10694,"date":"2025-03-31T08:15:26","date_gmt":"2025-03-31T08:15:26","guid":{"rendered":"https:\/\/www.stilnovo.com\/collection\/all\/mr-magoo-4"},"modified":"2025-05-06T14:27:48","modified_gmt":"2025-05-06T14:27:48","slug":"mr-magoo-4","status":"publish","type":"product","link":"https:\/\/stilnovo.trizerolab.it\/es\/collection\/suelo-es\/mr-magoo-4\/","title":{"rendered":"Mr. Magoo"},"content":{"rendered":"<p>La l\u00e1mpara de pie Mr Magoo destaca por su forma et\u00e9rea y ligera, que recuerda a una nube suspendida en el extremo de un tallo curvado. Un equilibrio delicado entre dise\u00f1o y poes\u00eda, que embellece el espacio con una elegancia natural y sorprendente.<\/p>\n","protected":false},"featured_media":5739,"template":"","product-category":[87],"class_list":["post-10694","product","type-product","status-publish","has-post-thumbnail","hentry","product-category-suelo-es"],"acf":[],"_links":{"self":[{"href":"https:\/\/stilnovo.trizerolab.it\/es\/wp-json\/wp\/v2\/product\/10694","targetHints":{"allow":["GET"]}}],"collection":[{"href":"https:\/\/stilnovo.trizerolab.it\/es\/wp-json\/wp\/v2\/product"}],"about":[{"href":"https:\/\/stilnovo.trizerolab.it\/es\/wp-json\/wp\/v2\/types\/product"}],"wp:featuredmedia":[{"embeddable":true,"href":"https:\/\/stilnovo.trizerolab.it\/es\/wp-json\/wp\/v2\/media\/5739"}],"wp:attachment":[{"href":"https:\/\/stilnovo.trizerolab.it\/es\/wp-json\/wp\/v2\/media?parent=10694"}],"wp:term":[{"taxonomy":"product-category","embeddable":true,"href":"https:\/\/stilnovo.trizerolab.it\/es\/wp-json\/wp\/v2\/product-category?post=10694"}],"curies":[{"name":"wp","href":"https:\/\/api.w.org\/{rel}","templated":true}]}}