{"id":10695,"date":"2025-03-31T08:15:26","date_gmt":"2025-03-31T08:15:26","guid":{"rendered":"https:\/\/www.stilnovo.com\/collection\/all\/luna-3"},"modified":"2025-05-06T14:27:48","modified_gmt":"2025-05-06T14:27:48","slug":"luna-3","status":"publish","type":"product","link":"https:\/\/stilnovo.trizerolab.it\/es\/collection\/suelo-es\/luna-3\/","title":{"rendered":"Luna"},"content":{"rendered":"<p>La l\u00e1mpara de pie Luna encarna una elegancia atemporal, revelando una silueta c\u00f3nica que se estrecha con gracia hacia la base, como esculpida por el aire. Su estructura, esencial y sofisticada a la vez, parece suspendida \u2014ligera e inmaterial\u2014 desafiando la gravedad y sugiriendo un equilibrio casi et\u00e9reo. Luna destaca por su delicadeza visual, iluminando y embelleciendo el espacio con una discreci\u00f3n refinada, sin imponerse nunca. Encuentra su lugar natural tanto en ambientes cl\u00e1sicos como en espacios de dise\u00f1o contempor\u00e1neo. Un objeto luminoso que exalta la belleza de la sencillez y convierte cada detalle en un gesto de estilo.<\/p>\n","protected":false},"featured_media":5709,"template":"","product-category":[87],"class_list":["post-10695","product","type-product","status-publish","has-post-thumbnail","hentry","product-category-suelo-es"],"acf":[],"_links":{"self":[{"href":"https:\/\/stilnovo.trizerolab.it\/es\/wp-json\/wp\/v2\/product\/10695","targetHints":{"allow":["GET"]}}],"collection":[{"href":"https:\/\/stilnovo.trizerolab.it\/es\/wp-json\/wp\/v2\/product"}],"about":[{"href":"https:\/\/stilnovo.trizerolab.it\/es\/wp-json\/wp\/v2\/types\/product"}],"wp:featuredmedia":[{"embeddable":true,"href":"https:\/\/stilnovo.trizerolab.it\/es\/wp-json\/wp\/v2\/media\/5709"}],"wp:attachment":[{"href":"https:\/\/stilnovo.trizerolab.it\/es\/wp-json\/wp\/v2\/media?parent=10695"}],"wp:term":[{"taxonomy":"product-category","embeddable":true,"href":"https:\/\/stilnovo.trizerolab.it\/es\/wp-json\/wp\/v2\/product-category?post=10695"}],"curies":[{"name":"wp","href":"https:\/\/api.w.org\/{rel}","templated":true}]}}