{"id":10696,"date":"2025-03-31T08:15:26","date_gmt":"2025-03-31T08:15:26","guid":{"rendered":"https:\/\/www.stilnovo.com\/collection\/all\/kimia-2"},"modified":"2025-05-06T14:27:48","modified_gmt":"2025-05-06T14:27:48","slug":"kimia-2","status":"publish","type":"product","link":"https:\/\/stilnovo.trizerolab.it\/es\/collection\/suelo-es\/kimia-2\/","title":{"rendered":"Kimia"},"content":{"rendered":"<p>La l\u00e1mpara Kimia redefine la iluminaci\u00f3n dom\u00e9stica con un dise\u00f1o esencial y funcional. Su disco luminoso, completamente orientable, puede girarse y moverse a lo largo de la parte superior de la varilla para adaptarse a cualquier necesidad. Desde una luz ambiental suave y difusa hasta una iluminaci\u00f3n directa y enfocada para la lectura, Kimia ofrece infinitas posibilidades de personalizaci\u00f3n.<\/p>\n","protected":false},"featured_media":7765,"template":"","product-category":[87],"class_list":["post-10696","product","type-product","status-publish","has-post-thumbnail","hentry","product-category-suelo-es"],"acf":[],"_links":{"self":[{"href":"https:\/\/stilnovo.trizerolab.it\/es\/wp-json\/wp\/v2\/product\/10696","targetHints":{"allow":["GET"]}}],"collection":[{"href":"https:\/\/stilnovo.trizerolab.it\/es\/wp-json\/wp\/v2\/product"}],"about":[{"href":"https:\/\/stilnovo.trizerolab.it\/es\/wp-json\/wp\/v2\/types\/product"}],"wp:featuredmedia":[{"embeddable":true,"href":"https:\/\/stilnovo.trizerolab.it\/es\/wp-json\/wp\/v2\/media\/7765"}],"wp:attachment":[{"href":"https:\/\/stilnovo.trizerolab.it\/es\/wp-json\/wp\/v2\/media?parent=10696"}],"wp:term":[{"taxonomy":"product-category","embeddable":true,"href":"https:\/\/stilnovo.trizerolab.it\/es\/wp-json\/wp\/v2\/product-category?post=10696"}],"curies":[{"name":"wp","href":"https:\/\/api.w.org\/{rel}","templated":true}]}}