{"id":10697,"date":"2025-03-31T08:15:25","date_gmt":"2025-03-31T08:15:25","guid":{"rendered":"https:\/\/www.stilnovo.com\/collection\/all\/galassia-4"},"modified":"2025-05-06T14:27:48","modified_gmt":"2025-05-06T14:27:48","slug":"galassia-4","status":"publish","type":"product","link":"https:\/\/stilnovo.trizerolab.it\/es\/collection\/suelo-es\/galassia-4\/","title":{"rendered":"Galassia"},"content":{"rendered":"<p>La l\u00e1mpara de pie Galassia convierte cualquier espacio en un sofisticado homenaje a los a\u00f1os cincuenta, una \u00e9poca ic\u00f3nica de elegancia y vanguardia. Sus seis fuentes de luz, envueltas en un valioso vidrio triplex blanco soplado, se entrelazan en un movimiento fluido y armonioso que evoca el encanto de galaxias lejanas y la magia del cosmos. Las l\u00edneas estilizadas y los detalles cuidadosamente elaborados trazan una silueta escult\u00f3rica, capaz de dialogar con los espacios m\u00e1s exclusivos, desde salones cl\u00e1sicos hasta arquitecturas contempor\u00e1neas.<\/p>\n","protected":false},"featured_media":5654,"template":"","product-category":[87],"class_list":["post-10697","product","type-product","status-publish","has-post-thumbnail","hentry","product-category-suelo-es"],"acf":[],"_links":{"self":[{"href":"https:\/\/stilnovo.trizerolab.it\/es\/wp-json\/wp\/v2\/product\/10697","targetHints":{"allow":["GET"]}}],"collection":[{"href":"https:\/\/stilnovo.trizerolab.it\/es\/wp-json\/wp\/v2\/product"}],"about":[{"href":"https:\/\/stilnovo.trizerolab.it\/es\/wp-json\/wp\/v2\/types\/product"}],"wp:featuredmedia":[{"embeddable":true,"href":"https:\/\/stilnovo.trizerolab.it\/es\/wp-json\/wp\/v2\/media\/5654"}],"wp:attachment":[{"href":"https:\/\/stilnovo.trizerolab.it\/es\/wp-json\/wp\/v2\/media?parent=10697"}],"wp:term":[{"taxonomy":"product-category","embeddable":true,"href":"https:\/\/stilnovo.trizerolab.it\/es\/wp-json\/wp\/v2\/product-category?post=10697"}],"curies":[{"name":"wp","href":"https:\/\/api.w.org\/{rel}","templated":true}]}}