{"id":10698,"date":"2025-03-31T08:15:25","date_gmt":"2025-03-31T08:15:25","guid":{"rendered":"https:\/\/www.stilnovo.com\/collection\/all\/diphy-4"},"modified":"2025-05-06T14:27:48","modified_gmt":"2025-05-06T14:27:48","slug":"diphy-4","status":"publish","type":"product","link":"https:\/\/stilnovo.trizerolab.it\/es\/collection\/suelo-es\/diphy-4\/","title":{"rendered":"Diphy"},"content":{"rendered":"<p>Diphy es la uni\u00f3n armoniosa de elegancia y tecnolog\u00eda. Una colecci\u00f3n luminosa que evoca la ligereza de los p\u00e9talos, transparentes e ingr\u00e1vidos, fusionando formas org\u00e1nicas con un alma innovadora. M\u00e1s que dise\u00f1o: una experiencia est\u00e9tica y sensorial \u00fanica.<\/p>\n","protected":false},"featured_media":5624,"template":"","product-category":[87],"class_list":["post-10698","product","type-product","status-publish","has-post-thumbnail","hentry","product-category-suelo-es"],"acf":[],"_links":{"self":[{"href":"https:\/\/stilnovo.trizerolab.it\/es\/wp-json\/wp\/v2\/product\/10698","targetHints":{"allow":["GET"]}}],"collection":[{"href":"https:\/\/stilnovo.trizerolab.it\/es\/wp-json\/wp\/v2\/product"}],"about":[{"href":"https:\/\/stilnovo.trizerolab.it\/es\/wp-json\/wp\/v2\/types\/product"}],"wp:featuredmedia":[{"embeddable":true,"href":"https:\/\/stilnovo.trizerolab.it\/es\/wp-json\/wp\/v2\/media\/5624"}],"wp:attachment":[{"href":"https:\/\/stilnovo.trizerolab.it\/es\/wp-json\/wp\/v2\/media?parent=10698"}],"wp:term":[{"taxonomy":"product-category","embeddable":true,"href":"https:\/\/stilnovo.trizerolab.it\/es\/wp-json\/wp\/v2\/product-category?post=10698"}],"curies":[{"name":"wp","href":"https:\/\/api.w.org\/{rel}","templated":true}]}}