{"id":10699,"date":"2025-03-31T08:15:25","date_gmt":"2025-03-31T08:15:25","guid":{"rendered":"https:\/\/www.stilnovo.com\/collection\/all\/demi-moon-2"},"modified":"2025-05-06T14:27:48","modified_gmt":"2025-05-06T14:27:48","slug":"demi-moon-2","status":"publish","type":"product","link":"https:\/\/stilnovo.trizerolab.it\/es\/collection\/suelo-es\/demi-moon-2\/","title":{"rendered":"Dem\u00ec Moon"},"content":{"rendered":"<p>Apagada, Dem\u00ed Moon se presenta como una amplia c\u00fapula de PMMA termoformado transparente. Su forma esencial y limpia, combinada con la transparencia del material, le permite integrarse naturalmente en diferentes entornos sin recargar el espacio.<\/p>\n","protected":false},"featured_media":8382,"template":"","product-category":[87],"class_list":["post-10699","product","type-product","status-publish","has-post-thumbnail","hentry","product-category-suelo-es"],"acf":[],"_links":{"self":[{"href":"https:\/\/stilnovo.trizerolab.it\/es\/wp-json\/wp\/v2\/product\/10699","targetHints":{"allow":["GET"]}}],"collection":[{"href":"https:\/\/stilnovo.trizerolab.it\/es\/wp-json\/wp\/v2\/product"}],"about":[{"href":"https:\/\/stilnovo.trizerolab.it\/es\/wp-json\/wp\/v2\/types\/product"}],"wp:featuredmedia":[{"embeddable":true,"href":"https:\/\/stilnovo.trizerolab.it\/es\/wp-json\/wp\/v2\/media\/8382"}],"wp:attachment":[{"href":"https:\/\/stilnovo.trizerolab.it\/es\/wp-json\/wp\/v2\/media?parent=10699"}],"wp:term":[{"taxonomy":"product-category","embeddable":true,"href":"https:\/\/stilnovo.trizerolab.it\/es\/wp-json\/wp\/v2\/product-category?post=10699"}],"curies":[{"name":"wp","href":"https:\/\/api.w.org\/{rel}","templated":true}]}}