{"id":10701,"date":"2025-03-31T08:15:24","date_gmt":"2025-03-31T08:15:24","guid":{"rendered":"https:\/\/www.stilnovo.com\/collection\/all\/lama-3"},"modified":"2025-05-06T14:27:48","modified_gmt":"2025-05-06T14:27:48","slug":"lama-3","status":"publish","type":"product","link":"https:\/\/stilnovo.trizerolab.it\/es\/collection\/mesa-es\/lama-3\/","title":{"rendered":"Lama"},"content":{"rendered":"<p>Lama es una l\u00e1mpara que combina tecnolog\u00eda y dise\u00f1o de manera sofisticada. Su perfil delgado integra una fuente de luz topLED 9W 3000K, que proporciona una iluminaci\u00f3n potente y eficiente, junto con un interruptor soft-touch en la base. Esto permite una activaci\u00f3n f\u00e1cil al tocar, proporcionando una experiencia de uso intuitiva y pr\u00e1ctica.<\/p>\n","protected":false},"featured_media":7735,"template":"","product-category":[91],"class_list":["post-10701","product","type-product","status-publish","has-post-thumbnail","hentry","product-category-mesa-es"],"acf":[],"_links":{"self":[{"href":"https:\/\/stilnovo.trizerolab.it\/es\/wp-json\/wp\/v2\/product\/10701","targetHints":{"allow":["GET"]}}],"collection":[{"href":"https:\/\/stilnovo.trizerolab.it\/es\/wp-json\/wp\/v2\/product"}],"about":[{"href":"https:\/\/stilnovo.trizerolab.it\/es\/wp-json\/wp\/v2\/types\/product"}],"wp:featuredmedia":[{"embeddable":true,"href":"https:\/\/stilnovo.trizerolab.it\/es\/wp-json\/wp\/v2\/media\/7735"}],"wp:attachment":[{"href":"https:\/\/stilnovo.trizerolab.it\/es\/wp-json\/wp\/v2\/media?parent=10701"}],"wp:term":[{"taxonomy":"product-category","embeddable":true,"href":"https:\/\/stilnovo.trizerolab.it\/es\/wp-json\/wp\/v2\/product-category?post=10701"}],"curies":[{"name":"wp","href":"https:\/\/api.w.org\/{rel}","templated":true}]}}