{"id":10702,"date":"2025-03-31T08:15:24","date_gmt":"2025-03-31T08:15:24","guid":{"rendered":"https:\/\/www.stilnovo.com\/collection\/all\/buonanotte-2"},"modified":"2025-05-06T14:27:53","modified_gmt":"2025-05-06T14:27:53","slug":"buonanotte-2","status":"publish","type":"product","link":"https:\/\/stilnovo.trizerolab.it\/es\/collection\/mesa-es\/buonanotte-2\/","title":{"rendered":"Buonanotte"},"content":{"rendered":"<p>Buonanotte es una l\u00e1mpara con un enfoque juguet\u00f3n e innovador, que permite modular la intensidad de la luz con un simple gesto. Las dos cuartinas de metal, ajustables y f\u00e1cilmente movidas sobre el difusor esf\u00e9rico, controlan el haz de luz, haciendo que la l\u00e1mpara sea perfecta para crear la atm\u00f3sfera ideal en cada momento. Un dise\u00f1o que transforma la iluminaci\u00f3n en un juego de luces y sombras.<\/p>\n","protected":false},"featured_media":8493,"template":"","product-category":[91],"class_list":["post-10702","product","type-product","status-publish","has-post-thumbnail","hentry","product-category-mesa-es"],"acf":[],"_links":{"self":[{"href":"https:\/\/stilnovo.trizerolab.it\/es\/wp-json\/wp\/v2\/product\/10702","targetHints":{"allow":["GET"]}}],"collection":[{"href":"https:\/\/stilnovo.trizerolab.it\/es\/wp-json\/wp\/v2\/product"}],"about":[{"href":"https:\/\/stilnovo.trizerolab.it\/es\/wp-json\/wp\/v2\/types\/product"}],"wp:featuredmedia":[{"embeddable":true,"href":"https:\/\/stilnovo.trizerolab.it\/es\/wp-json\/wp\/v2\/media\/8493"}],"wp:attachment":[{"href":"https:\/\/stilnovo.trizerolab.it\/es\/wp-json\/wp\/v2\/media?parent=10702"}],"wp:term":[{"taxonomy":"product-category","embeddable":true,"href":"https:\/\/stilnovo.trizerolab.it\/es\/wp-json\/wp\/v2\/product-category?post=10702"}],"curies":[{"name":"wp","href":"https:\/\/api.w.org\/{rel}","templated":true}]}}