{"id":10733,"date":"2025-03-31T08:15:24","date_gmt":"2025-03-31T08:15:24","guid":{"rendered":"https:\/\/www.stilnovo.com\/collection\/all\/lampiatta-4"},"modified":"2025-05-06T14:27:53","modified_gmt":"2025-05-06T14:27:53","slug":"lampiatta-4","status":"publish","type":"product","link":"https:\/\/stilnovo.trizerolab.it\/es\/collection\/mesa-es\/lampiatta-4\/","title":{"rendered":"Lampiatta"},"content":{"rendered":"<p>Lampiatta es un ejemplo perfecto de dise\u00f1o funcional e innovador. Sin la necesidad de juntas o mecanismos complejos, la pantalla se puede reposicionar f\u00e1cilmente en una de las cuatro ranuras de la base, permitiendo la inclinaci\u00f3n y orientaci\u00f3n de la luz que se adapta a todas las necesidades. Un dise\u00f1o pr\u00e1ctico que prioriza la versatilidad y la facilidad de uso.<\/p>\n","protected":false},"featured_media":5474,"template":"","product-category":[91],"class_list":["post-10733","product","type-product","status-publish","has-post-thumbnail","hentry","product-category-mesa-es"],"acf":[],"_links":{"self":[{"href":"https:\/\/stilnovo.trizerolab.it\/es\/wp-json\/wp\/v2\/product\/10733","targetHints":{"allow":["GET"]}}],"collection":[{"href":"https:\/\/stilnovo.trizerolab.it\/es\/wp-json\/wp\/v2\/product"}],"about":[{"href":"https:\/\/stilnovo.trizerolab.it\/es\/wp-json\/wp\/v2\/types\/product"}],"wp:featuredmedia":[{"embeddable":true,"href":"https:\/\/stilnovo.trizerolab.it\/es\/wp-json\/wp\/v2\/media\/5474"}],"wp:attachment":[{"href":"https:\/\/stilnovo.trizerolab.it\/es\/wp-json\/wp\/v2\/media?parent=10733"}],"wp:term":[{"taxonomy":"product-category","embeddable":true,"href":"https:\/\/stilnovo.trizerolab.it\/es\/wp-json\/wp\/v2\/product-category?post=10733"}],"curies":[{"name":"wp","href":"https:\/\/api.w.org\/{rel}","templated":true}]}}