{"id":10734,"date":"2025-03-31T08:15:24","date_gmt":"2025-03-31T08:15:24","guid":{"rendered":"https:\/\/www.stilnovo.com\/collection\/all\/minitopo-2"},"modified":"2025-05-06T14:27:53","modified_gmt":"2025-05-06T14:27:53","slug":"minitopo-2","status":"publish","type":"product","link":"https:\/\/stilnovo.trizerolab.it\/es\/collection\/mesa-es\/minitopo-2\/","title":{"rendered":"Minitopo"},"content":{"rendered":"<p>Minitopo es una l\u00e1mpara que encarna la elegancia del dise\u00f1o automovil\u00edstico de los a\u00f1os 60. Las ranuras en la pantalla recuerdan las tomas de aire de los autos deportivos, mientras que la pantalla envuelve la bombilla E27, creando una conexi\u00f3n entre el dise\u00f1o industrial y la iluminaci\u00f3n. El resultado es una l\u00e1mpara \u00fanica con un car\u00e1cter distintivo e ir\u00f3nico, cuyo nombre hace referencia a una forma que recuerda a un rat\u00f3n.<\/p>\n","protected":false},"featured_media":8463,"template":"","product-category":[91],"class_list":["post-10734","product","type-product","status-publish","has-post-thumbnail","hentry","product-category-mesa-es"],"acf":[],"_links":{"self":[{"href":"https:\/\/stilnovo.trizerolab.it\/es\/wp-json\/wp\/v2\/product\/10734","targetHints":{"allow":["GET"]}}],"collection":[{"href":"https:\/\/stilnovo.trizerolab.it\/es\/wp-json\/wp\/v2\/product"}],"about":[{"href":"https:\/\/stilnovo.trizerolab.it\/es\/wp-json\/wp\/v2\/types\/product"}],"wp:featuredmedia":[{"embeddable":true,"href":"https:\/\/stilnovo.trizerolab.it\/es\/wp-json\/wp\/v2\/media\/8463"}],"wp:attachment":[{"href":"https:\/\/stilnovo.trizerolab.it\/es\/wp-json\/wp\/v2\/media?parent=10734"}],"wp:term":[{"taxonomy":"product-category","embeddable":true,"href":"https:\/\/stilnovo.trizerolab.it\/es\/wp-json\/wp\/v2\/product-category?post=10734"}],"curies":[{"name":"wp","href":"https:\/\/api.w.org\/{rel}","templated":true}]}}