{"id":10735,"date":"2025-03-31T08:15:24","date_gmt":"2025-03-31T08:15:24","guid":{"rendered":"https:\/\/www.stilnovo.com\/collection\/all\/megafono-4"},"modified":"2025-05-06T14:27:53","modified_gmt":"2025-05-06T14:27:53","slug":"megafono-4","status":"publish","type":"product","link":"https:\/\/stilnovo.trizerolab.it\/es\/collection\/mesa-es\/megafono-4\/","title":{"rendered":"Megafono"},"content":{"rendered":"<p>Megafono, dise\u00f1ada en 1958 por Stilnovo, es un s\u00edmbolo duradero del dise\u00f1o de los a\u00f1os cincuenta. Con sus l\u00edneas elegantes y materiales de alta calidad, esta l\u00e1mpara sigue cautivando con su encanto atemporal.<\/p>\n","protected":false},"featured_media":5429,"template":"","product-category":[91],"class_list":["post-10735","product","type-product","status-publish","has-post-thumbnail","hentry","product-category-mesa-es"],"acf":[],"_links":{"self":[{"href":"https:\/\/stilnovo.trizerolab.it\/es\/wp-json\/wp\/v2\/product\/10735","targetHints":{"allow":["GET"]}}],"collection":[{"href":"https:\/\/stilnovo.trizerolab.it\/es\/wp-json\/wp\/v2\/product"}],"about":[{"href":"https:\/\/stilnovo.trizerolab.it\/es\/wp-json\/wp\/v2\/types\/product"}],"wp:featuredmedia":[{"embeddable":true,"href":"https:\/\/stilnovo.trizerolab.it\/es\/wp-json\/wp\/v2\/media\/5429"}],"wp:attachment":[{"href":"https:\/\/stilnovo.trizerolab.it\/es\/wp-json\/wp\/v2\/media?parent=10735"}],"wp:term":[{"taxonomy":"product-category","embeddable":true,"href":"https:\/\/stilnovo.trizerolab.it\/es\/wp-json\/wp\/v2\/product-category?post=10735"}],"curies":[{"name":"wp","href":"https:\/\/api.w.org\/{rel}","templated":true}]}}