{"id":10736,"date":"2025-03-31T08:15:23","date_gmt":"2025-03-31T08:15:23","guid":{"rendered":"https:\/\/www.stilnovo.com\/collection\/all\/gravita-2"},"modified":"2025-05-06T14:27:53","modified_gmt":"2025-05-06T14:27:53","slug":"gravita-2","status":"publish","type":"product","link":"https:\/\/stilnovo.trizerolab.it\/es\/collection\/mesa-es\/gravita-2\/","title":{"rendered":"Gravita"},"content":{"rendered":"<p>Creada en 1969, Gravita refleja la visi\u00f3n vanguardista de Antonio Macchi Cassia. Esta l\u00e1mpara ic\u00f3nica trasciende el tiempo y las fronteras del dise\u00f1o, logrando un equilibrio perfecto entre innovaci\u00f3n y simplicidad.<\/p>\n","protected":false},"featured_media":5399,"template":"","product-category":[91],"class_list":["post-10736","product","type-product","status-publish","has-post-thumbnail","hentry","product-category-mesa-es"],"acf":[],"_links":{"self":[{"href":"https:\/\/stilnovo.trizerolab.it\/es\/wp-json\/wp\/v2\/product\/10736","targetHints":{"allow":["GET"]}}],"collection":[{"href":"https:\/\/stilnovo.trizerolab.it\/es\/wp-json\/wp\/v2\/product"}],"about":[{"href":"https:\/\/stilnovo.trizerolab.it\/es\/wp-json\/wp\/v2\/types\/product"}],"wp:featuredmedia":[{"embeddable":true,"href":"https:\/\/stilnovo.trizerolab.it\/es\/wp-json\/wp\/v2\/media\/5399"}],"wp:attachment":[{"href":"https:\/\/stilnovo.trizerolab.it\/es\/wp-json\/wp\/v2\/media?parent=10736"}],"wp:term":[{"taxonomy":"product-category","embeddable":true,"href":"https:\/\/stilnovo.trizerolab.it\/es\/wp-json\/wp\/v2\/product-category?post=10736"}],"curies":[{"name":"wp","href":"https:\/\/api.w.org\/{rel}","templated":true}]}}