{"id":10737,"date":"2025-03-31T08:15:23","date_gmt":"2025-03-31T08:15:23","guid":{"rendered":"https:\/\/www.stilnovo.com\/collection\/all\/minibox-3"},"modified":"2025-05-06T14:27:53","modified_gmt":"2025-05-06T14:27:53","slug":"minibox-3","status":"publish","type":"product","link":"https:\/\/stilnovo.trizerolab.it\/es\/collection\/mesa-es\/minibox-3\/","title":{"rendered":"Minibox"},"content":{"rendered":"<p>Dise\u00f1ada en 1981, la l\u00e1mpara de mesa Minibox es una obra maestra del dise\u00f1o esencial e ir\u00f3nico, creada por dos grandes referentes del dise\u00f1o italiano: Gae Aulenti y Piero Castiglioni. Objeto de rara inteligencia proyectual, Minibox combina rigor t\u00e9cnico y ligereza expresiva, reinterpretando con humor el concepto de l\u00e1mpara de trabajo. Un icono culto y vers\u00e1til que narra una nueva visi\u00f3n del espacio dom\u00e9stico, en equilibrio perfecto entre funci\u00f3n y relato.<\/p>\n","protected":false},"featured_media":5369,"template":"","product-category":[91],"class_list":["post-10737","product","type-product","status-publish","has-post-thumbnail","hentry","product-category-mesa-es"],"acf":[],"_links":{"self":[{"href":"https:\/\/stilnovo.trizerolab.it\/es\/wp-json\/wp\/v2\/product\/10737","targetHints":{"allow":["GET"]}}],"collection":[{"href":"https:\/\/stilnovo.trizerolab.it\/es\/wp-json\/wp\/v2\/product"}],"about":[{"href":"https:\/\/stilnovo.trizerolab.it\/es\/wp-json\/wp\/v2\/types\/product"}],"wp:featuredmedia":[{"embeddable":true,"href":"https:\/\/stilnovo.trizerolab.it\/es\/wp-json\/wp\/v2\/media\/5369"}],"wp:attachment":[{"href":"https:\/\/stilnovo.trizerolab.it\/es\/wp-json\/wp\/v2\/media?parent=10737"}],"wp:term":[{"taxonomy":"product-category","embeddable":true,"href":"https:\/\/stilnovo.trizerolab.it\/es\/wp-json\/wp\/v2\/product-category?post=10737"}],"curies":[{"name":"wp","href":"https:\/\/api.w.org\/{rel}","templated":true}]}}