{"id":10738,"date":"2025-03-31T08:15:23","date_gmt":"2025-03-31T08:15:23","guid":{"rendered":"https:\/\/www.stilnovo.com\/collection\/all\/fante-3"},"modified":"2025-05-06T14:27:53","modified_gmt":"2025-05-06T14:27:53","slug":"fante-3","status":"publish","type":"product","link":"https:\/\/stilnovo.trizerolab.it\/es\/collection\/mesa-es\/fante-3\/","title":{"rendered":"Fante"},"content":{"rendered":"<p>Dise\u00f1ada en 1978 por Jonathan De Pas, Donato D\u2019Urbino y Paolo Lomazzi, Fante es una l\u00e1mpara de mesa que combina est\u00e9tica refinada y funcionalidad. Una s\u00edntesis perfecta de dise\u00f1o atemporal y libertad expresiva.<\/p>\n","protected":false},"featured_media":5339,"template":"","product-category":[91],"class_list":["post-10738","product","type-product","status-publish","has-post-thumbnail","hentry","product-category-mesa-es"],"acf":[],"_links":{"self":[{"href":"https:\/\/stilnovo.trizerolab.it\/es\/wp-json\/wp\/v2\/product\/10738","targetHints":{"allow":["GET"]}}],"collection":[{"href":"https:\/\/stilnovo.trizerolab.it\/es\/wp-json\/wp\/v2\/product"}],"about":[{"href":"https:\/\/stilnovo.trizerolab.it\/es\/wp-json\/wp\/v2\/types\/product"}],"wp:featuredmedia":[{"embeddable":true,"href":"https:\/\/stilnovo.trizerolab.it\/es\/wp-json\/wp\/v2\/media\/5339"}],"wp:attachment":[{"href":"https:\/\/stilnovo.trizerolab.it\/es\/wp-json\/wp\/v2\/media?parent=10738"}],"wp:term":[{"taxonomy":"product-category","embeddable":true,"href":"https:\/\/stilnovo.trizerolab.it\/es\/wp-json\/wp\/v2\/product-category?post=10738"}],"curies":[{"name":"wp","href":"https:\/\/api.w.org\/{rel}","templated":true}]}}