{"id":10740,"date":"2025-03-31T08:15:23","date_gmt":"2025-03-31T08:15:23","guid":{"rendered":"https:\/\/www.stilnovo.com\/collection\/all\/la-mariee-3"},"modified":"2025-05-06T14:27:53","modified_gmt":"2025-05-06T14:27:53","slug":"la-mariee-3","status":"publish","type":"product","link":"https:\/\/stilnovo.trizerolab.it\/es\/collection\/mesa-es\/la-mariee-3\/","title":{"rendered":"La Mari\u00e9e"},"content":{"rendered":"<p>La l\u00e1mpara La Mari\u00e9e, dise\u00f1ada por Mirco Crosatto en 2018, es una obra maestra de la elegancia moderna. Con su dise\u00f1o et\u00e9reo y acabados refinados, aporta encanto a cualquier espacio, ya sea como l\u00e1mpara de mesa o de suelo.<\/p>\n","protected":false},"featured_media":7379,"template":"","product-category":[91],"class_list":["post-10740","product","type-product","status-publish","has-post-thumbnail","hentry","product-category-mesa-es"],"acf":[],"_links":{"self":[{"href":"https:\/\/stilnovo.trizerolab.it\/es\/wp-json\/wp\/v2\/product\/10740","targetHints":{"allow":["GET"]}}],"collection":[{"href":"https:\/\/stilnovo.trizerolab.it\/es\/wp-json\/wp\/v2\/product"}],"about":[{"href":"https:\/\/stilnovo.trizerolab.it\/es\/wp-json\/wp\/v2\/types\/product"}],"wp:featuredmedia":[{"embeddable":true,"href":"https:\/\/stilnovo.trizerolab.it\/es\/wp-json\/wp\/v2\/media\/7379"}],"wp:attachment":[{"href":"https:\/\/stilnovo.trizerolab.it\/es\/wp-json\/wp\/v2\/media?parent=10740"}],"wp:term":[{"taxonomy":"product-category","embeddable":true,"href":"https:\/\/stilnovo.trizerolab.it\/es\/wp-json\/wp\/v2\/product-category?post=10740"}],"curies":[{"name":"wp","href":"https:\/\/api.w.org\/{rel}","templated":true}]}}