{"id":10741,"date":"2025-03-31T08:15:23","date_gmt":"2025-03-31T08:15:23","guid":{"rendered":"https:\/\/www.stilnovo.com\/collection\/all\/valigia-2"},"modified":"2025-05-06T14:27:53","modified_gmt":"2025-05-06T14:27:53","slug":"valigia-2","status":"publish","type":"product","link":"https:\/\/stilnovo.trizerolab.it\/es\/collection\/mesa-es\/valigia-2\/","title":{"rendered":"Valigia"},"content":{"rendered":"<p>La l\u00e1mpara de mesa Valigia, dise\u00f1ada en 1977 por Ettore Sottsass, uno de los grandes maestros del dise\u00f1o del siglo XX, representa un gesto libre e irreverente que desaf\u00eda las convenciones de la forma y la funci\u00f3n. Con su esp\u00edritu ir\u00f3nico y su poderosa expresividad, Valigia redefine el propio concepto de objeto luminoso, fusionando rigor proyectual con una ligereza informal. Un icono atemporal para quienes saben reconocer en la innovaci\u00f3n un valor perdurable.<\/p>\n","protected":false},"featured_media":5254,"template":"","product-category":[91],"class_list":["post-10741","product","type-product","status-publish","has-post-thumbnail","hentry","product-category-mesa-es"],"acf":[],"_links":{"self":[{"href":"https:\/\/stilnovo.trizerolab.it\/es\/wp-json\/wp\/v2\/product\/10741","targetHints":{"allow":["GET"]}}],"collection":[{"href":"https:\/\/stilnovo.trizerolab.it\/es\/wp-json\/wp\/v2\/product"}],"about":[{"href":"https:\/\/stilnovo.trizerolab.it\/es\/wp-json\/wp\/v2\/types\/product"}],"wp:featuredmedia":[{"embeddable":true,"href":"https:\/\/stilnovo.trizerolab.it\/es\/wp-json\/wp\/v2\/media\/5254"}],"wp:attachment":[{"href":"https:\/\/stilnovo.trizerolab.it\/es\/wp-json\/wp\/v2\/media?parent=10741"}],"wp:term":[{"taxonomy":"product-category","embeddable":true,"href":"https:\/\/stilnovo.trizerolab.it\/es\/wp-json\/wp\/v2\/product-category?post=10741"}],"curies":[{"name":"wp","href":"https:\/\/api.w.org\/{rel}","templated":true}]}}