{"id":10767,"date":"2025-03-31T08:15:22","date_gmt":"2025-03-31T08:15:22","guid":{"rendered":"https:\/\/www.stilnovo.com\/collection\/all\/bugia-3"},"modified":"2025-05-06T14:27:58","modified_gmt":"2025-05-06T14:27:58","slug":"bugia-3","status":"publish","type":"product","link":"https:\/\/stilnovo.trizerolab.it\/es\/collection\/mesa-es\/bugia-3\/","title":{"rendered":"Bugia"},"content":{"rendered":"<p>La l\u00e1mpara de mesa Bugia, dise\u00f1ada en 1977 por Roberto Beretta y Antonio Macchi Cassia, es una refinada expresi\u00f3n de sencillez y genialidad. Su dise\u00f1o esencial y evocador se inspira en los tradicionales candelabros con asa, objetos cargados de memoria y de rituales dom\u00e9sticos. Bugia reinterpreta con sensibilidad contempor\u00e1nea un arquetipo de la cultura material, transform\u00e1ndolo en un elemento luminoso que combina funci\u00f3n y sugesti\u00f3n, para quienes saben reconocer la poes\u00eda discreta de un gesto cotidiano.<\/p>\n","protected":false},"featured_media":8057,"template":"","product-category":[91],"class_list":["post-10767","product","type-product","status-publish","has-post-thumbnail","hentry","product-category-mesa-es"],"acf":[],"_links":{"self":[{"href":"https:\/\/stilnovo.trizerolab.it\/es\/wp-json\/wp\/v2\/product\/10767","targetHints":{"allow":["GET"]}}],"collection":[{"href":"https:\/\/stilnovo.trizerolab.it\/es\/wp-json\/wp\/v2\/product"}],"about":[{"href":"https:\/\/stilnovo.trizerolab.it\/es\/wp-json\/wp\/v2\/types\/product"}],"wp:featuredmedia":[{"embeddable":true,"href":"https:\/\/stilnovo.trizerolab.it\/es\/wp-json\/wp\/v2\/media\/8057"}],"wp:attachment":[{"href":"https:\/\/stilnovo.trizerolab.it\/es\/wp-json\/wp\/v2\/media?parent=10767"}],"wp:term":[{"taxonomy":"product-category","embeddable":true,"href":"https:\/\/stilnovo.trizerolab.it\/es\/wp-json\/wp\/v2\/product-category?post=10767"}],"curies":[{"name":"wp","href":"https:\/\/api.w.org\/{rel}","templated":true}]}}