{"id":10768,"date":"2025-03-31T08:15:22","date_gmt":"2025-03-31T08:15:22","guid":{"rendered":"https:\/\/www.stilnovo.com\/collection\/all\/periscopio-3"},"modified":"2025-05-06T14:27:58","modified_gmt":"2025-05-06T14:27:58","slug":"periscopio-3","status":"publish","type":"product","link":"https:\/\/stilnovo.trizerolab.it\/es\/collection\/mesa-es\/periscopio-3\/","title":{"rendered":"Periscopio"},"content":{"rendered":"<p>La l\u00e1mpara de mesa Periscopio, dise\u00f1ada en 1967 durante la \u00e9poca dorada de la \u201cspace age\u201d, representa una de las expresiones m\u00e1s aut\u00e9nticas de ese per\u00edodo creativo, suspendido entre la innovaci\u00f3n y la visi\u00f3n. Inspirada en la fascinaci\u00f3n por la exploraci\u00f3n espacial, Periscopio refleja un rigor formal y una esencialidad que trascienden el tiempo y las modas. Objeto emblem\u00e1tico de nuestra tradici\u00f3n, combina magistralmente funci\u00f3n y poes\u00eda industrial, conservando intacta su capacidad de dialogar con los interiores m\u00e1s refinados y con quienes saben reconocer el verdadero valor de la investigaci\u00f3n en dise\u00f1o.<\/p>\n","protected":false},"featured_media":5164,"template":"","product-category":[91],"class_list":["post-10768","product","type-product","status-publish","has-post-thumbnail","hentry","product-category-mesa-es"],"acf":[],"_links":{"self":[{"href":"https:\/\/stilnovo.trizerolab.it\/es\/wp-json\/wp\/v2\/product\/10768","targetHints":{"allow":["GET"]}}],"collection":[{"href":"https:\/\/stilnovo.trizerolab.it\/es\/wp-json\/wp\/v2\/product"}],"about":[{"href":"https:\/\/stilnovo.trizerolab.it\/es\/wp-json\/wp\/v2\/types\/product"}],"wp:featuredmedia":[{"embeddable":true,"href":"https:\/\/stilnovo.trizerolab.it\/es\/wp-json\/wp\/v2\/media\/5164"}],"wp:attachment":[{"href":"https:\/\/stilnovo.trizerolab.it\/es\/wp-json\/wp\/v2\/media?parent=10768"}],"wp:term":[{"taxonomy":"product-category","embeddable":true,"href":"https:\/\/stilnovo.trizerolab.it\/es\/wp-json\/wp\/v2\/product-category?post=10768"}],"curies":[{"name":"wp","href":"https:\/\/api.w.org\/{rel}","templated":true}]}}