{"id":10769,"date":"2025-03-31T08:15:22","date_gmt":"2025-03-31T08:15:22","guid":{"rendered":"https:\/\/www.stilnovo.com\/collection\/all\/halley-2"},"modified":"2025-05-06T14:27:58","modified_gmt":"2025-05-06T14:27:58","slug":"halley-2","status":"publish","type":"product","link":"https:\/\/stilnovo.trizerolab.it\/es\/collection\/mesa-es\/halley-2\/","title":{"rendered":"Halley"},"content":{"rendered":"<p>Halley es una estructura orbital que literalmente permite todos los movimientos posibles, manteni\u00e9ndose fija en su posici\u00f3n, moviendo el cabezal de la l\u00e1mpara y usando solo una mano. Gracias a 6 articulaciones y 360 grados de rotaci\u00f3n para cada una, la l\u00e1mpara puede moverse libremente en un espacio tridimensional. La esfera act\u00faa como equilibrador de todo el peso del aparato, garantizando su estabilidad.<\/p>\n","protected":false},"featured_media":5134,"template":"","product-category":[91],"class_list":["post-10769","product","type-product","status-publish","has-post-thumbnail","hentry","product-category-mesa-es"],"acf":[],"_links":{"self":[{"href":"https:\/\/stilnovo.trizerolab.it\/es\/wp-json\/wp\/v2\/product\/10769","targetHints":{"allow":["GET"]}}],"collection":[{"href":"https:\/\/stilnovo.trizerolab.it\/es\/wp-json\/wp\/v2\/product"}],"about":[{"href":"https:\/\/stilnovo.trizerolab.it\/es\/wp-json\/wp\/v2\/types\/product"}],"wp:featuredmedia":[{"embeddable":true,"href":"https:\/\/stilnovo.trizerolab.it\/es\/wp-json\/wp\/v2\/media\/5134"}],"wp:attachment":[{"href":"https:\/\/stilnovo.trizerolab.it\/es\/wp-json\/wp\/v2\/media?parent=10769"}],"wp:term":[{"taxonomy":"product-category","embeddable":true,"href":"https:\/\/stilnovo.trizerolab.it\/es\/wp-json\/wp\/v2\/product-category?post=10769"}],"curies":[{"name":"wp","href":"https:\/\/api.w.org\/{rel}","templated":true}]}}