{"id":10770,"date":"2025-03-31T08:15:22","date_gmt":"2025-03-31T08:15:22","guid":{"rendered":"https:\/\/www.stilnovo.com\/collection\/all\/torino-2"},"modified":"2025-05-06T14:27:58","modified_gmt":"2025-05-06T14:27:58","slug":"torino-2","status":"publish","type":"product","link":"https:\/\/stilnovo.trizerolab.it\/es\/collection\/mesa-es\/torino-2\/","title":{"rendered":"Torino"},"content":{"rendered":"<p>Torino es el connubio perfecto de estilo, elegancia y versatilidad, pensado para adaptarse a cualquier ambiente, desde el profesional al residencial. Ideal para mesas, escritorios, estantes o instalaciones de pared, la l\u00e1mpara se distingue por su refinada silueta y su brazo articulado con cabezal giratorio con regulador t\u00e1ctil, que puede combinarse opcionalmente con la s\u00f3lida base redonda, la abrazadera o el soporte de pared. Completamente personalizable, est\u00e1 disponible en seis acabados, que pueden combinarse en configuraciones monocrom\u00e1ticas o bicolor.<\/p>\n","protected":false},"featured_media":7630,"template":"","product-category":[91,95],"class_list":["post-10770","product","type-product","status-publish","has-post-thumbnail","hentry","product-category-mesa-es","product-category-new-in-es"],"acf":[],"_links":{"self":[{"href":"https:\/\/stilnovo.trizerolab.it\/es\/wp-json\/wp\/v2\/product\/10770","targetHints":{"allow":["GET"]}}],"collection":[{"href":"https:\/\/stilnovo.trizerolab.it\/es\/wp-json\/wp\/v2\/product"}],"about":[{"href":"https:\/\/stilnovo.trizerolab.it\/es\/wp-json\/wp\/v2\/types\/product"}],"wp:featuredmedia":[{"embeddable":true,"href":"https:\/\/stilnovo.trizerolab.it\/es\/wp-json\/wp\/v2\/media\/7630"}],"wp:attachment":[{"href":"https:\/\/stilnovo.trizerolab.it\/es\/wp-json\/wp\/v2\/media?parent=10770"}],"wp:term":[{"taxonomy":"product-category","embeddable":true,"href":"https:\/\/stilnovo.trizerolab.it\/es\/wp-json\/wp\/v2\/product-category?post=10770"}],"curies":[{"name":"wp","href":"https:\/\/api.w.org\/{rel}","templated":true}]}}