{"id":10936,"date":"2025-04-30T09:43:22","date_gmt":"2025-04-30T09:43:22","guid":{"rendered":"https:\/\/www.stilnovo.com\/collection\/all\/oxygen-3-2"},"modified":"2025-05-06T14:27:22","modified_gmt":"2025-05-06T14:27:22","slug":"oxygen-3-2","status":"publish","type":"product","link":"https:\/\/stilnovo.trizerolab.it\/es\/collection\/suspension-es\/oxygen-3-2\/","title":{"rendered":"Oxygen"},"content":{"rendered":"<p>Oxygen reinterpreta la forma arquet\u00edpica de la pantalla de l\u00e1mpara en clave contempor\u00e1nea, transform\u00e1ndola en un icono de equilibrio y precisi\u00f3n formal. Su perfil familiar y tranquilizador se presenta con proporciones armoniosas en todas las versiones de la colecci\u00f3n, dando lugar a una gama amplia y vers\u00e1til.<\/p>\n","protected":false},"featured_media":10929,"template":"","product-category":[83],"class_list":["post-10936","product","type-product","status-publish","has-post-thumbnail","hentry","product-category-suspension-es"],"acf":[],"_links":{"self":[{"href":"https:\/\/stilnovo.trizerolab.it\/es\/wp-json\/wp\/v2\/product\/10936","targetHints":{"allow":["GET"]}}],"collection":[{"href":"https:\/\/stilnovo.trizerolab.it\/es\/wp-json\/wp\/v2\/product"}],"about":[{"href":"https:\/\/stilnovo.trizerolab.it\/es\/wp-json\/wp\/v2\/types\/product"}],"wp:featuredmedia":[{"embeddable":true,"href":"https:\/\/stilnovo.trizerolab.it\/es\/wp-json\/wp\/v2\/media\/10929"}],"wp:attachment":[{"href":"https:\/\/stilnovo.trizerolab.it\/es\/wp-json\/wp\/v2\/media?parent=10936"}],"wp:term":[{"taxonomy":"product-category","embeddable":true,"href":"https:\/\/stilnovo.trizerolab.it\/es\/wp-json\/wp\/v2\/product-category?post=10936"}],"curies":[{"name":"wp","href":"https:\/\/api.w.org\/{rel}","templated":true}]}}