{"id":3183,"date":"2024-11-07T15:34:51","date_gmt":"2024-11-07T15:34:51","guid":{"rendered":"https:\/\/www.stilnovo.com\/heritage\/"},"modified":"2025-05-14T16:07:49","modified_gmt":"2025-05-14T16:07:49","slug":"heritage","status":"publish","type":"page","link":"https:\/\/stilnovo.trizerolab.it\/fr\/heritage\/","title":{"rendered":"Heritage"},"content":{"rendered":"\t<section class=\"wp-block-slider-gallery relative slider-gallery\">\n\t\t<div class=\"swiper swiper-gallery\">\n\t\t\t<div class=\"swiper-wrapper\">\n\t\t\t\t\t\t\t\t\t\t\t\t\t\t\t<div class=\"swiper-slide flex justify-center items-center\">\n\t\t\t\t\t\t\t<div class=\"_container w-full\">\n\t\t\t\t\t\t\t\t\t\t\t\t\t\t\t\t\t<div class=\"slider-image relative m-0 object-cover object-center h-full rounded-3xl aspect-[0.8]\">\n\t\t\t\t\t\t\t\t\t\t<img decoding=\"async\" src=\"https:\/\/stilnovo.trizerolab.it\/wp-content\/uploads\/2025\/03\/Stilnovo-heritage-1-2.webp\" class=\"m-0 h-full w-full object-cover\">\n\t\t\t\t\t\t\t\t\t<\/div>\n\t\t\t\t\t\t\t\t\t\t\t\t\t\t\t\t\t\t\t\t\t\t\t\t<\/div>\n\t\t\t\t\t\t<\/div>\n\t\t\t\t\t\t\t\t\t\t\t<div class=\"swiper-slide flex justify-center items-center\">\n\t\t\t\t\t\t\t<div class=\"_container w-full\">\n\t\t\t\t\t\t\t\t\t\t\t\t\t\t\t\t\t<div class=\"slider-image relative m-0 object-cover object-center h-full rounded-3xl aspect-[0.8]\">\n\t\t\t\t\t\t\t\t\t\t<img decoding=\"async\" src=\"https:\/\/stilnovo.trizerolab.it\/wp-content\/uploads\/2025\/02\/stilnovo-heritage-2.webp\" class=\"m-0 h-full w-full object-cover\">\n\t\t\t\t\t\t\t\t\t<\/div>\n\t\t\t\t\t\t\t\t\t\t\t\t\t\t\t\t\t\t\t\t\t\t\t\t<\/div>\n\t\t\t\t\t\t<\/div>\n\t\t\t\t\t\t\t\t\t\t\t\t\t\t\t\t\t<\/div>\n\t\t<\/div>\n\t\t\t\t<div class=\"swiper-controls flex justify-between px-2 md:px-6 items-center w-full absolute \">\n\t\t\t<div class=\"swiper-btn swiper-button-prev\"><\/div>\n\t\t\t<div class=\"swiper-btn swiper-button-next\"><\/div>\n\t\t<\/div>\n\t<\/section>\n\n\n\n<div class=\"wp-block-group full-para\"><div class=\"wp-block-group__inner-container is-layout-constrained wp-block-group-is-layout-constrained\">\n<p><h1 class=\"wp-block-heading font-body text-regular\">Collection intemporelle Stilnovo.<\/h1>  \n<p class=\"font-body text-regular\">Aujourd\u2019hui comme autrefois, Stilnovo a su adapter sa collection aux technologies modernes et aux march\u00e9s dynamiques de notre \u00e9poque. Un parcours qui entrelace de nouvelles cr\u00e9ations avec des designs iconiques, mettant en valeur la noblesse des mat\u00e9riaux et du savoir-faire. Stilnovo a interpr\u00e9t\u00e9 et anticip\u00e9 les tendances du march\u00e9, restant toujours en avance sur son temps et transversal aux styles.<\/p><\/p>\n<\/div><\/div>\n\n\n<section id=\"designer-gallery-block_4f28056c7d7db56859d45ec8c85c1552\" class=\"wp-block-slider-gallery gap-5 mt-10 md:mt-20 md:gap-0 m-0 mb-10 md:mb-20 flex flex-wrap designer-gallery\">\n    <div class=\"left-slider w-full md:w-1\/2 relative mb-5 md:mb-0\">\n                    <div class=\"swiper designer-gallery\">\n                <div class=\"swiper-wrapper cursor-grabbing\">\n                                            <div class=\"swiper-slide flex flex-col items-center\">\n                            <!-- Image Display -->\n                                                            <img decoding=\"async\" src=\"https:\/\/stilnovo.trizerolab.it\/wp-content\/uploads\/2025\/02\/stilnovo-heritage-4.webp\"\n                                     alt=\"\"\n                                     class=\"w-full h-auto aspect-[0.8] object-cover object-center m-0\">\n                                                        <!-- Name Display -->\n                                                            <div class=\"w-full mt-2.5\">\n                                    <p class=\"m-0 pb-0.5 font-bold text-black\">01. Achille e Pier Giacomo Castiglioni<\/p>\n                                <\/div>\n                                                    <\/div>\n                                            <div class=\"swiper-slide flex flex-col items-center\">\n                            <!-- Image Display -->\n                                                            <img decoding=\"async\" src=\"https:\/\/stilnovo.trizerolab.it\/wp-content\/uploads\/2025\/02\/stilnovo-heritage-3.webp\"\n                                     alt=\"\"\n                                     class=\"w-full h-auto aspect-[0.8] object-cover object-center m-0\">\n                                                        <!-- Name Display -->\n                                                            <div class=\"w-full mt-2.5\">\n                                    <p class=\"m-0 pb-0.5 font-bold text-black\">02. Richard Sapper<\/p>\n                                <\/div>\n                                                    <\/div>\n                                            <div class=\"swiper-slide flex flex-col items-center\">\n                            <!-- Image Display -->\n                                                            <img decoding=\"async\" src=\"https:\/\/stilnovo.trizerolab.it\/wp-content\/uploads\/2025\/02\/stilnovo-designer-gae-aulenti.webp\"\n                                     alt=\"\"\n                                     class=\"w-full h-auto aspect-[0.8] object-cover object-center m-0\">\n                                                        <!-- Name Display -->\n                                                            <div class=\"w-full mt-2.5\">\n                                    <p class=\"m-0 pb-0.5 font-bold text-black\">03. Gae Aulenti<\/p>\n                                <\/div>\n                                                    <\/div>\n                                            <div class=\"swiper-slide flex flex-col items-center\">\n                            <!-- Image Display -->\n                                                            <img decoding=\"async\" src=\"https:\/\/stilnovo.trizerolab.it\/wp-content\/uploads\/2025\/01\/stilnovo-designer-joe-colombo.webp\"\n                                     alt=\"\"\n                                     class=\"w-full h-auto aspect-[0.8] object-cover object-center m-0\">\n                                                        <!-- Name Display -->\n                                                            <div class=\"w-full mt-2.5\">\n                                    <p class=\"m-0 pb-0.5 font-bold text-black\">04. Joe Colombo<\/p>\n                                <\/div>\n                                                    <\/div>\n                                            <div class=\"swiper-slide flex flex-col items-center\">\n                            <!-- Image Display -->\n                                                            <img decoding=\"async\" src=\"https:\/\/stilnovo.trizerolab.it\/wp-content\/uploads\/2025\/01\/stilnovo-designer-ettore-sottsass-1.webp\"\n                                     alt=\"\"\n                                     class=\"w-full h-auto aspect-[0.8] object-cover object-center m-0\">\n                                                        <!-- Name Display -->\n                                                            <div class=\"w-full mt-2.5\">\n                                    <p class=\"m-0 pb-0.5 font-bold text-black\">05. Ettore Sottsass<\/p>\n                                <\/div>\n                                                    <\/div>\n                                    <\/div>\n            <\/div>\n            <!-- Swiper navigation buttons with specific identifiers -->\n            <div class=\"swiper-controls designer flex justify-between px-2 md:px-6 items-center w-full absolute\">\n                <div class=\"swiper-btn swiper-button-prev designer-gallery-prev\"><\/div>\n                <div class=\"swiper-btn swiper-button-next designer-gallery-next\"><\/div>\n            <\/div>\n            <\/div>\n    <!-- Resto del codice invariato -->\n    <div class=\"right-content w-full md:w-1\/2 flex md:justify-end\">\n                <div class=\"flex flex-col md:max-w-[50%]\">\n                            <div class=\"text-content mb-10\">\n                    <p class=\"m-0 text-black\">Du c\u0153ur du XXe si\u00e8cle \u00e0 aujourd\u2019hui, Stilnovo a collabor\u00e9 avec les plus grands ma\u00eetres du design, donnant naissance \u00e0 des cr\u00e9ations qui ont marqu\u00e9 une \u00e9poque. Visionnaires, innovateurs, v\u00e9ritables artistes de la forme et de la lumi\u00e8re : les designers de Stilnovo ont red\u00e9fini l\u2019esth\u00e9tique du quotidien, transformant chaque lampe en une \u0153uvre d\u2019art intemporelle.\r\n\r\nD\u00e9couvrez les signatures qui ont illumin\u00e9 l\u2019histoire du design, avec la m\u00eame \u00e9l\u00e9gance et avant-garde qui caract\u00e9risent depuis toujours le style Stilnovo.<\/p>\n                <\/div>\n                                        <div class=\"link-wrapper\">\n                    <a href=\"https:\/\/www.stilnovo.com\/fr\/designers\/\" class=\"btn w-full p-3 block text-center bg-black text-white rounded-full no-underline\" target=\"\">\n                        <p class=\"m-0 font-bold\">D\u00e9couvrir tous les designers<\/p>\n                    <\/a>\n                <\/div>\n                    <\/div>\n    <\/div>\n<\/section>\n\n\n\n<section id=\"big-image-details-block_fd6ed437ab9cc6e62700a90e01461cff\" class=\"wp-block-big-image-details mb-10 md:mb-20 big-image-details\">\n\n        <!-- Content Section -->\n    <div class=\"content-container flex flex-wrap w-full\">\n        <!-- Left Column with Title -->\n        <div class=\"title-container w-full lg:w-1\/2\">\n                    <\/div>\n\n        <!-- Right Column with Description and Button -->\n        <div class=\"description-container w-full lg:w-1\/2 mt-5 lg:mt-24\">\n                            <div class=\"description\">\n                    <p class=\"m-0 font-bold\">Certaines pi\u00e8ces iconiques de la collection Stilnovo sont expos\u00e9es dans les mus\u00e9es les plus prestigieux du monde, comme le MoMA de New York, ou sont pr\u00e9sent\u00e9es dans des expositions de design et des expositions personnelles de renom. D&#039;autres ont re\u00e7u des distinctions internationales de grande valeur, telles que le Red Dot Award et l&#039;IF Design Award, la Mention d\u2019Honneur au Compasso d\u2019Oro ADI, ou ont \u00e9t\u00e9 s\u00e9lectionn\u00e9es dans l\u2019ADI Design Index.<\/p>\n                <\/div>\n            \n                            <div class=\"link-wrapper\">\n                    <a href=\"https:\/\/www.stilnovo.com\/fr\/collection\/\" class=\"btn w-full md:w-1\/2 p-3 block text-center bg-black text-white rounded-full no-underline\" target=\"\">\n                        <p class=\"m-0 font-bold\">D\u00e9couvrir la collection<\/p>\n                    <\/a>\n                <\/div>\n                    <\/div>\n    <\/div>\n<\/section>\n\n\n\n<figure class=\"wp-block-gallery has-nested-images columns-default is-cropped wp-block-gallery-1 is-layout-flex wp-block-gallery-is-layout-flex\">\n<figure class=\"wp-block-image size-large\"><img decoding=\"async\" src=\"https:\/\/www.stilnovo.com\/wp-content\/uploads\/2025\/02\/Periscopio-03_hero_02.webp\" alt=\"\"\/><\/figure>\n\n\n\n<figure class=\"wp-block-image size-full\"><img loading=\"lazy\" decoding=\"async\" width=\"1200\" height=\"1499\" data-id=\"7973\" src=\"https:\/\/www.stilnovo.com\/wp-content\/uploads\/2025\/03\/stilnovo-heritage-5.webp\" alt=\"\" class=\"wp-image-7973\" srcset=\"https:\/\/stilnovo.trizerolab.it\/wp-content\/uploads\/2025\/03\/stilnovo-heritage-5.webp 1200w, https:\/\/stilnovo.trizerolab.it\/wp-content\/uploads\/2025\/03\/stilnovo-heritage-5-240x300.webp 240w, https:\/\/stilnovo.trizerolab.it\/wp-content\/uploads\/2025\/03\/stilnovo-heritage-5-820x1024.webp 820w, https:\/\/stilnovo.trizerolab.it\/wp-content\/uploads\/2025\/03\/stilnovo-heritage-5-768x959.webp 768w\" sizes=\"auto, (max-width: 1200px) 100vw, 1200px\" \/><\/figure>\n<\/figure>\n\n\n\n<div class=\"wp-block-group wp-block-newsletter\"><div class=\"wp-block-group__inner-container is-layout-constrained wp-block-group-is-layout-constrained\">\n<div class=\"wp-block-group is-nowrap is-layout-flex wp-container-core-group-is-layout-2 wp-block-group-is-layout-flex\">\n<p class=\"font-bold\">Stay updated on the latest products and events. Subscribe to our newsletter!<\/p>\n<\/div>\n\n\n\n<div class=\"wp-block-group is-nowrap is-layout-flex wp-container-core-group-is-layout-3 wp-block-group-is-layout-flex\">\n<script type=\"text\/javascript\">var gform;gform||(document.addEventListener(\"gform_main_scripts_loaded\",function(){gform.scriptsLoaded=!0}),window.addEventListener(\"DOMContentLoaded\",function(){gform.domLoaded=!0}),gform={domLoaded:!1,scriptsLoaded:!1,initializeOnLoaded:function(o){gform.domLoaded&&gform.scriptsLoaded?o():!gform.domLoaded&&gform.scriptsLoaded?window.addEventListener(\"DOMContentLoaded\",o):document.addEventListener(\"gform_main_scripts_loaded\",o)},hooks:{action:{},filter:{}},addAction:function(o,n,r,t){gform.addHook(\"action\",o,n,r,t)},addFilter:function(o,n,r,t){gform.addHook(\"filter\",o,n,r,t)},doAction:function(o){gform.doHook(\"action\",o,arguments)},applyFilters:function(o){return gform.doHook(\"filter\",o,arguments)},removeAction:function(o,n){gform.removeHook(\"action\",o,n)},removeFilter:function(o,n,r){gform.removeHook(\"filter\",o,n,r)},addHook:function(o,n,r,t,i){null==gform.hooks[o][n]&&(gform.hooks[o][n]=[]);var e=gform.hooks[o][n];null==i&&(i=n+\"_\"+e.length),gform.hooks[o][n].push({tag:i,callable:r,priority:t=null==t?10:t})},doHook:function(n,o,r){var t;if(r=Array.prototype.slice.call(r,1),null!=gform.hooks[n][o]&&((o=gform.hooks[n][o]).sort(function(o,n){return o.priority-n.priority}),o.forEach(function(o){\"function\"!=typeof(t=o.callable)&&(t=window[t]),\"action\"==n?t.apply(null,r):r[0]=t.apply(null,r)})),\"filter\"==n)return r[0]},removeHook:function(o,n,t,i){var r;null!=gform.hooks[o][n]&&(r=(r=gform.hooks[o][n]).filter(function(o,n,r){return!!(null!=i&&i!=o.tag||null!=t&&t!=o.priority)}),gform.hooks[o][n]=r)}});<\/script>\n                <div class='gf_browser_gecko gform_wrapper gravity-theme' id='gform_wrapper_1' >\n                        <div class='gform_heading'>\n                            <h2 class=\"gform_title\">Lettre d'information<\/h2>\n                            <span class='gform_description'><\/span>\n                        <\/div><form method='post' enctype='multipart\/form-data'  id='gform_1'  action='\/fr\/wp-json\/wp\/v2\/pages\/3183' novalidate>\n                        <div class='gform_body gform-body'><div id='gform_fields_1' class='gform_fields top_label form_sublabel_below description_below'><div id=\"field_1_6\" class=\"gfield gfield--width-full gfield_contains_required field_sublabel_below field_description_below gfield_visibility_visible\" ><label class='gfield_label' for='input_1_6' >Nom*<span class=\"gfield_required\"><span class=\"gfield_required gfield_required_text\">(Required)<\/span><\/span><\/label><div class='ginput_container ginput_container_text'><input name='input_6' id='input_1_6' type='text' value='' class='large'    placeholder='Nom' aria-required=\"true\" aria-invalid=\"false\"   \/> <\/div><\/div><div id=\"field_1_7\" class=\"gfield gfield--width-full gfield_contains_required field_sublabel_below field_description_below gfield_visibility_visible\" ><label class='gfield_label' for='input_1_7' >Nom de famille*<span class=\"gfield_required\"><span class=\"gfield_required gfield_required_text\">(Required)<\/span><\/span><\/label><div class='ginput_container ginput_container_text'><input name='input_7' id='input_1_7' type='text' value='' class='large'    placeholder='Nom de famille' aria-required=\"true\" aria-invalid=\"false\"   \/> <\/div><\/div><div id=\"field_1_8\" class=\"gfield gfield--width-full gfield_contains_required field_sublabel_below field_description_below gfield_visibility_visible\" ><label class='gfield_label' for='input_1_8' >Pays*<span class=\"gfield_required\"><span class=\"gfield_required gfield_required_text\">(Required)<\/span><\/span><\/label><div class='ginput_container ginput_container_text'><input name='input_8' id='input_1_8' type='text' value='' class='large'    placeholder='Pays' aria-required=\"true\" aria-invalid=\"false\"   \/> <\/div><\/div><div id=\"field_1_1\" class=\"gfield gfield_contains_required field_sublabel_below field_description_below gfield_visibility_visible\" ><label class='gfield_label' for='input_1_1' >Courriel*<span class=\"gfield_required\"><span class=\"gfield_required gfield_required_text\">(Required)<\/span><\/span><\/label><div class='ginput_container ginput_container_email'>\n                            <input name='input_1' id='input_1_1' type='email' value='' class='large'   placeholder='Courrier \u00e9lectronique' aria-required=\"true\" aria-invalid=\"false\"  \/>\n                        <\/div><\/div><div id=\"field_1_9\" class=\"gfield gfield--width-full gfield_contains_required field_sublabel_below field_description_below gfield_visibility_visible\" ><label class='gfield_label' for='input_1_9' >Profession*<span class=\"gfield_required\"><span class=\"gfield_required gfield_required_text\">(Required)<\/span><\/span><\/label><div class='ginput_container ginput_container_select'><select name='input_9' id='input_1_9' class='large gfield_select'    aria-required=\"true\" aria-invalid=\"false\" ><option value='' >S\u00e9lectionnez<\/option><option value='Concepteur d&#039;\u00e9clairage' >Concepteur d&#039;\u00e9clairage<\/option><option value='Architecte d&#039;int\u00e9rieur' >Architecte d&#039;int\u00e9rieur<\/option><option value='Distributeur' >Distributeur<\/option><option value='Ing\u00e9nieur' >Ing\u00e9nieur<\/option><option value='Journaliste' >Journaliste<\/option><option value='\u00c9tudiant' >\u00c9tudiant<\/option><\/select><\/div><\/div><div id=\"field_1_4\" class=\"gfield gfield_html gfield_html_formatted gfield_no_follows_desc field_sublabel_below field_description_below gfield_visibility_visible\" >En envoyant cette information, j'exprime mon consentement au traitement de ces donn\u00e9es dans les limites, aux fins et pour la dur\u00e9e pr\u00e9cis\u00e9es dans la fiche d'information. J'exprime mon consentement au traitement de mes donn\u00e9es personnelles. <\/div><fieldset id=\"field_1_5\" class=\"gfield gfield_contains_required field_sublabel_below field_description_below gfield_visibility_visible\" ><legend class='gfield_label screen-reader-text gfield_label_before_complex'  ><span class=\"gfield_required\"><span class=\"gfield_required gfield_required_text\">(Required)<\/span><\/span><\/legend><div class='ginput_container ginput_container_checkbox'><div class='gfield_checkbox' id='input_1_5'><div class='gchoice gchoice_1_5_1'>\n\t\t\t\t\t\t\t\t<input class='gfield-choice-input' name='input_5.1' type='checkbox'  value='Je donne mon consentement au traitement de mes donn\u00e9es personnelles.'  id='choice_1_5_1'   \/>\n\t\t\t\t\t\t\t\t<label for='choice_1_5_1' id='label_1_5_1'>Je donne mon consentement au traitement de mes donn\u00e9es personnelles.<\/label>\n\t\t\t\t\t\t\t<\/div><div class='gchoice gchoice_1_5_2'>\n\t\t\t\t\t\t\t\t<input class='gfield-choice-input' name='input_5.2' type='checkbox'  value='J&#039;accepte de recevoir des nouvelles et des communications relatives \u00e0 Stilnovo par e-mail de la part de Linea Light Group Srl sous la forme d&#039;une lettre d&#039;information p\u00e9riodique.'  id='choice_1_5_2'   \/>\n\t\t\t\t\t\t\t\t<label for='choice_1_5_2' id='label_1_5_2'>J'accepte de recevoir des nouvelles et des communications relatives \u00e0 Stilnovo par e-mail de la part de Linea Light Group Srl sous la forme d'une lettre d'information p\u00e9riodique.<\/label>\n\t\t\t\t\t\t\t<\/div><\/div><\/div><\/fieldset><\/div><\/div>\n        <div class='gform_footer top_label'> <input type='submit' id='gform_submit_button_1' class='gform_button button' value='S&#039;inscrire \u00e0 la lettre d&#039;information'  onclick='if(window[\"gf_submitting_1\"]){return false;}  if( !jQuery(\"#gform_1\")[0].checkValidity || jQuery(\"#gform_1\")[0].checkValidity()){window[\"gf_submitting_1\"]=true;}  ' onkeypress='if( event.keyCode == 13 ){ if(window[\"gf_submitting_1\"]){return false;} if( !jQuery(\"#gform_1\")[0].checkValidity || jQuery(\"#gform_1\")[0].checkValidity()){window[\"gf_submitting_1\"]=true;}  jQuery(\"#gform_1\").trigger(\"submit\",[true]); }' \/> \n            <input type='hidden' class='gform_hidden' name='is_submit_1' value='1' \/>\n            <input type='hidden' class='gform_hidden' name='gform_submit' value='1' \/>\n            \n            <input type='hidden' class='gform_hidden' name='gform_unique_id' value='' \/>\n            <input type='hidden' class='gform_hidden' name='state_1' value='WyJbXSIsIjU1ZDZlMDcxNTM2Yzg2MDhmZTIzMmY5NjNhZWEwYjAwIl0=' \/>\n            <input type='hidden' class='gform_hidden' name='gform_target_page_number_1' id='gform_target_page_number_1' value='0' \/>\n            <input type='hidden' class='gform_hidden' name='gform_source_page_number_1' id='gform_source_page_number_1' value='1' \/>\n            <input type='hidden' name='gform_field_values' value='' \/>\n            \n        <\/div>\n                        <\/form>\n                        <\/div>\n<\/div>\n<\/div><\/div>\n","protected":false},"excerpt":{"rendered":"<p>Collection intemporelle Stilnovo. Aujourd\u2019hui comme autrefois, Stilnovo a su adapter sa collection aux technologies modernes et aux march\u00e9s dynamiques de notre \u00e9poque. Un parcours qui entrelace de nouvelles cr\u00e9ations avec des designs iconiques, mettant en valeur la noblesse des mat\u00e9riaux et du savoir-faire. Stilnovo a interpr\u00e9t\u00e9 et anticip\u00e9 les tendances du march\u00e9, restant toujours en [&hellip;]<\/p>\n","protected":false},"author":2,"featured_media":0,"parent":0,"menu_order":0,"comment_status":"closed","ping_status":"closed","template":"","meta":{"_acf_changed":false,"footnotes":""},"class_list":["post-3183","page","type-page","status-publish","hentry"],"acf":[],"_links":{"self":[{"href":"https:\/\/stilnovo.trizerolab.it\/fr\/wp-json\/wp\/v2\/pages\/3183","targetHints":{"allow":["GET"]}}],"collection":[{"href":"https:\/\/stilnovo.trizerolab.it\/fr\/wp-json\/wp\/v2\/pages"}],"about":[{"href":"https:\/\/stilnovo.trizerolab.it\/fr\/wp-json\/wp\/v2\/types\/page"}],"author":[{"embeddable":true,"href":"https:\/\/stilnovo.trizerolab.it\/fr\/wp-json\/wp\/v2\/users\/2"}],"replies":[{"embeddable":true,"href":"https:\/\/stilnovo.trizerolab.it\/fr\/wp-json\/wp\/v2\/comments?post=3183"}],"version-history":[{"count":18,"href":"https:\/\/stilnovo.trizerolab.it\/fr\/wp-json\/wp\/v2\/pages\/3183\/revisions"}],"predecessor-version":[{"id":10983,"href":"https:\/\/stilnovo.trizerolab.it\/fr\/wp-json\/wp\/v2\/pages\/3183\/revisions\/10983"}],"wp:attachment":[{"href":"https:\/\/stilnovo.trizerolab.it\/fr\/wp-json\/wp\/v2\/media?parent=3183"}],"curies":[{"name":"wp","href":"https:\/\/api.w.org\/{rel}","templated":true}]}}