{"id":10483,"date":"2025-03-31T08:15:36","date_gmt":"2025-03-31T08:15:36","guid":{"rendered":"https:\/\/www.stilnovo.com\/collection\/all\/1night-2nights-2"},"modified":"2025-05-06T14:27:22","modified_gmt":"2025-05-06T14:27:22","slug":"1night-2nights-2","status":"publish","type":"product","link":"https:\/\/stilnovo.trizerolab.it\/fr\/collection\/mur-plafond-fr\/1night-2nights-2\/","title":{"rendered":"1night 2nights"},"content":{"rendered":"<p>1Night est bien plus qu\u2019une simple lampe : c\u2019est un objet de design raffin\u00e9 qui allie esth\u00e9tique et technologie. Son cylindre orientable et rotatif offre un \u00e9clairage pr\u00e9cis et confortable, id\u00e9al en t\u00eate de lit ou dans un coin lecture \u00e9l\u00e9gant.<\/p>\n","protected":false},"featured_media":7187,"template":"","product-category":[73],"class_list":["post-10483","product","type-product","status-publish","has-post-thumbnail","hentry","product-category-mur-plafond-fr"],"acf":[],"_links":{"self":[{"href":"https:\/\/stilnovo.trizerolab.it\/fr\/wp-json\/wp\/v2\/product\/10483","targetHints":{"allow":["GET"]}}],"collection":[{"href":"https:\/\/stilnovo.trizerolab.it\/fr\/wp-json\/wp\/v2\/product"}],"about":[{"href":"https:\/\/stilnovo.trizerolab.it\/fr\/wp-json\/wp\/v2\/types\/product"}],"wp:featuredmedia":[{"embeddable":true,"href":"https:\/\/stilnovo.trizerolab.it\/fr\/wp-json\/wp\/v2\/media\/7187"}],"wp:attachment":[{"href":"https:\/\/stilnovo.trizerolab.it\/fr\/wp-json\/wp\/v2\/media?parent=10483"}],"wp:term":[{"taxonomy":"product-category","embeddable":true,"href":"https:\/\/stilnovo.trizerolab.it\/fr\/wp-json\/wp\/v2\/product-category?post=10483"}],"curies":[{"name":"wp","href":"https:\/\/api.w.org\/{rel}","templated":true}]}}