{"id":10484,"date":"2025-03-31T08:15:36","date_gmt":"2025-03-31T08:15:36","guid":{"rendered":"https:\/\/www.stilnovo.com\/collection\/all\/xilema-system-2"},"modified":"2025-05-06T14:27:22","modified_gmt":"2025-05-06T14:27:22","slug":"xilema-system-2","status":"publish","type":"product","link":"https:\/\/stilnovo.trizerolab.it\/fr\/collection\/mur-plafond-fr\/xilema-system-2\/","title":{"rendered":"Xilema System"},"content":{"rendered":"<p>Xilema System red\u00e9finit la modularit\u00e9 de l\u2019\u00e9clairage. Son design permet de cr\u00e9er des g\u00e9om\u00e9tries lumineuses fluides et continues, s\u2019adaptant naturellement \u00e0 toute surface, qu\u2019elle soit verticale, horizontale ou inclin\u00e9e.<\/p>\n","protected":false},"featured_media":7157,"template":"","product-category":[73],"class_list":["post-10484","product","type-product","status-publish","has-post-thumbnail","hentry","product-category-mur-plafond-fr"],"acf":[],"_links":{"self":[{"href":"https:\/\/stilnovo.trizerolab.it\/fr\/wp-json\/wp\/v2\/product\/10484","targetHints":{"allow":["GET"]}}],"collection":[{"href":"https:\/\/stilnovo.trizerolab.it\/fr\/wp-json\/wp\/v2\/product"}],"about":[{"href":"https:\/\/stilnovo.trizerolab.it\/fr\/wp-json\/wp\/v2\/types\/product"}],"wp:featuredmedia":[{"embeddable":true,"href":"https:\/\/stilnovo.trizerolab.it\/fr\/wp-json\/wp\/v2\/media\/7157"}],"wp:attachment":[{"href":"https:\/\/stilnovo.trizerolab.it\/fr\/wp-json\/wp\/v2\/media?parent=10484"}],"wp:term":[{"taxonomy":"product-category","embeddable":true,"href":"https:\/\/stilnovo.trizerolab.it\/fr\/wp-json\/wp\/v2\/product-category?post=10484"}],"curies":[{"name":"wp","href":"https:\/\/api.w.org\/{rel}","templated":true}]}}