{"id":10489,"date":"2025-03-31T08:15:35","date_gmt":"2025-03-31T08:15:35","guid":{"rendered":"https:\/\/www.stilnovo.com\/collection\/all\/reflexio-2-2"},"modified":"2025-05-06T14:27:22","modified_gmt":"2025-05-06T14:27:22","slug":"reflexio-2-2","status":"publish","type":"product","link":"https:\/\/stilnovo.trizerolab.it\/fr\/collection\/mur-plafond-fr\/reflexio-2-2\/","title":{"rendered":"Reflexio"},"content":{"rendered":"<p>Reflexio est une ode \u00e0 l\u2019\u00e9l\u00e9gance de la lumi\u00e8re r\u00e9fl\u00e9chie. Sa forme circulaire int\u00e8gre une technologie avanc\u00e9e qui rend la source lumineuse totalement invisible, offrant ainsi une lumi\u00e8re douce et diffuse.<\/p>\n","protected":false},"featured_media":8391,"template":"","product-category":[73],"class_list":["post-10489","product","type-product","status-publish","has-post-thumbnail","hentry","product-category-mur-plafond-fr"],"acf":[],"_links":{"self":[{"href":"https:\/\/stilnovo.trizerolab.it\/fr\/wp-json\/wp\/v2\/product\/10489","targetHints":{"allow":["GET"]}}],"collection":[{"href":"https:\/\/stilnovo.trizerolab.it\/fr\/wp-json\/wp\/v2\/product"}],"about":[{"href":"https:\/\/stilnovo.trizerolab.it\/fr\/wp-json\/wp\/v2\/types\/product"}],"wp:featuredmedia":[{"embeddable":true,"href":"https:\/\/stilnovo.trizerolab.it\/fr\/wp-json\/wp\/v2\/media\/8391"}],"wp:attachment":[{"href":"https:\/\/stilnovo.trizerolab.it\/fr\/wp-json\/wp\/v2\/media?parent=10489"}],"wp:term":[{"taxonomy":"product-category","embeddable":true,"href":"https:\/\/stilnovo.trizerolab.it\/fr\/wp-json\/wp\/v2\/product-category?post=10489"}],"curies":[{"name":"wp","href":"https:\/\/api.w.org\/{rel}","templated":true}]}}