{"id":10491,"date":"2025-03-31T08:15:34","date_gmt":"2025-03-31T08:15:34","guid":{"rendered":"https:\/\/www.stilnovo.com\/collection\/all\/oxygen-2-2"},"modified":"2025-05-06T14:27:22","modified_gmt":"2025-05-06T14:27:22","slug":"oxygen-2-2","status":"publish","type":"product","link":"https:\/\/stilnovo.trizerolab.it\/fr\/collection\/mur-plafond-fr\/oxygen-2-2\/","title":{"rendered":"Oxygen"},"content":{"rendered":"<p>Oxygen red\u00e9finit l\u2019\u00e9clairage contemporain avec une pr\u00e9sence \u00e0 la fois discr\u00e8te et sophistiqu\u00e9e. Son profil minimaliste s\u2019int\u00e8gre harmonieusement dans tous les environnements, des r\u00e9sidences design aux espaces contract les plus exclusifs.<\/p>\n","protected":false},"featured_media":7953,"template":"","product-category":[73],"class_list":["post-10491","product","type-product","status-publish","has-post-thumbnail","hentry","product-category-mur-plafond-fr"],"acf":[],"_links":{"self":[{"href":"https:\/\/stilnovo.trizerolab.it\/fr\/wp-json\/wp\/v2\/product\/10491","targetHints":{"allow":["GET"]}}],"collection":[{"href":"https:\/\/stilnovo.trizerolab.it\/fr\/wp-json\/wp\/v2\/product"}],"about":[{"href":"https:\/\/stilnovo.trizerolab.it\/fr\/wp-json\/wp\/v2\/types\/product"}],"wp:featuredmedia":[{"embeddable":true,"href":"https:\/\/stilnovo.trizerolab.it\/fr\/wp-json\/wp\/v2\/media\/7953"}],"wp:attachment":[{"href":"https:\/\/stilnovo.trizerolab.it\/fr\/wp-json\/wp\/v2\/media?parent=10491"}],"wp:term":[{"taxonomy":"product-category","embeddable":true,"href":"https:\/\/stilnovo.trizerolab.it\/fr\/wp-json\/wp\/v2\/product-category?post=10491"}],"curies":[{"name":"wp","href":"https:\/\/api.w.org\/{rel}","templated":true}]}}