{"id":10492,"date":"2025-03-31T08:15:34","date_gmt":"2025-03-31T08:15:34","guid":{"rendered":"https:\/\/www.stilnovo.com\/collection\/all\/mr-magoo-3-2"},"modified":"2025-05-06T14:27:26","modified_gmt":"2025-05-06T14:27:26","slug":"mr-magoo-3-2","status":"publish","type":"product","link":"https:\/\/stilnovo.trizerolab.it\/fr\/collection\/mur-plafond-fr\/mr-magoo-3-2\/","title":{"rendered":"Mr. Magoo"},"content":{"rendered":"<p>Mr Magoo n\u2019est pas seulement une lampe, mais une v\u00e9ritable sculpture lumineuse. Ses lignes sinueuses et organiques rappellent la douceur d\u2019un nuage, apportant une \u00e9l\u00e9gance a\u00e9rienne \u00e0 tout espace.<\/p>\n","protected":false},"featured_media":6927,"template":"","product-category":[73],"class_list":["post-10492","product","type-product","status-publish","has-post-thumbnail","hentry","product-category-mur-plafond-fr"],"acf":[],"_links":{"self":[{"href":"https:\/\/stilnovo.trizerolab.it\/fr\/wp-json\/wp\/v2\/product\/10492","targetHints":{"allow":["GET"]}}],"collection":[{"href":"https:\/\/stilnovo.trizerolab.it\/fr\/wp-json\/wp\/v2\/product"}],"about":[{"href":"https:\/\/stilnovo.trizerolab.it\/fr\/wp-json\/wp\/v2\/types\/product"}],"wp:featuredmedia":[{"embeddable":true,"href":"https:\/\/stilnovo.trizerolab.it\/fr\/wp-json\/wp\/v2\/media\/6927"}],"wp:attachment":[{"href":"https:\/\/stilnovo.trizerolab.it\/fr\/wp-json\/wp\/v2\/media?parent=10492"}],"wp:term":[{"taxonomy":"product-category","embeddable":true,"href":"https:\/\/stilnovo.trizerolab.it\/fr\/wp-json\/wp\/v2\/product-category?post=10492"}],"curies":[{"name":"wp","href":"https:\/\/api.w.org\/{rel}","templated":true}]}}