{"id":10523,"date":"2025-03-31T08:15:34","date_gmt":"2025-03-31T08:15:34","guid":{"rendered":"https:\/\/www.stilnovo.com\/collection\/all\/minibox-2-2"},"modified":"2025-05-06T14:27:27","modified_gmt":"2025-05-06T14:27:27","slug":"minibox-2-2","status":"publish","type":"product","link":"https:\/\/stilnovo.trizerolab.it\/fr\/collection\/mur-plafond-fr\/minibox-2-2\/","title":{"rendered":"Minibox"},"content":{"rendered":"<p>Minibox Parete est une petite r\u00e9volution lumineuse qui associe la rigueur du design minimaliste \u00e0 une subtile touche d\u2019ironie, apportant personnalit\u00e9 et fonctionnalit\u00e9 aux espaces les plus vari\u00e9s. Son signe distinctif r\u00e9side dans sa t\u00eate lumineuse iconique, reli\u00e9e au corps en m\u00e9tal par un \u00e9l\u00e9gant syst\u00e8me d\u2019attache magn\u00e9tique : un d\u00e9tail technique qui permet d\u2019orienter la lumi\u00e8re avec une libert\u00e9 et une pr\u00e9cision extr\u00eames.<\/p>\n","protected":false},"featured_media":6912,"template":"","product-category":[73],"class_list":["post-10523","product","type-product","status-publish","has-post-thumbnail","hentry","product-category-mur-plafond-fr"],"acf":[],"_links":{"self":[{"href":"https:\/\/stilnovo.trizerolab.it\/fr\/wp-json\/wp\/v2\/product\/10523","targetHints":{"allow":["GET"]}}],"collection":[{"href":"https:\/\/stilnovo.trizerolab.it\/fr\/wp-json\/wp\/v2\/product"}],"about":[{"href":"https:\/\/stilnovo.trizerolab.it\/fr\/wp-json\/wp\/v2\/types\/product"}],"wp:featuredmedia":[{"embeddable":true,"href":"https:\/\/stilnovo.trizerolab.it\/fr\/wp-json\/wp\/v2\/media\/6912"}],"wp:attachment":[{"href":"https:\/\/stilnovo.trizerolab.it\/fr\/wp-json\/wp\/v2\/media?parent=10523"}],"wp:term":[{"taxonomy":"product-category","embeddable":true,"href":"https:\/\/stilnovo.trizerolab.it\/fr\/wp-json\/wp\/v2\/product-category?post=10523"}],"curies":[{"name":"wp","href":"https:\/\/api.w.org\/{rel}","templated":true}]}}