{"id":10524,"date":"2025-03-31T08:15:34","date_gmt":"2025-03-31T08:15:34","guid":{"rendered":"https:\/\/www.stilnovo.com\/collection\/all\/megafono-3-2"},"modified":"2025-05-06T14:27:27","modified_gmt":"2025-05-06T14:27:27","slug":"megafono-3-2","status":"publish","type":"product","link":"https:\/\/stilnovo.trizerolab.it\/fr\/collection\/mur-plafond-fr\/megafono-3-2\/","title":{"rendered":"Megafono"},"content":{"rendered":"<p>Megafono est une ic\u00f4ne lumineuse qui \u00e9voque le charme sophistiqu\u00e9 du design des ann\u00e9es cinquante. Une lampe qui fusionne esth\u00e9tique r\u00e9tro et fonctionnalit\u00e9 contemporaine, diffusant une lumi\u00e8re directe et indirecte avec une harmonie raffin\u00e9e.<\/p>\n","protected":false},"featured_media":6892,"template":"","product-category":[73],"class_list":["post-10524","product","type-product","status-publish","has-post-thumbnail","hentry","product-category-mur-plafond-fr"],"acf":[],"_links":{"self":[{"href":"https:\/\/stilnovo.trizerolab.it\/fr\/wp-json\/wp\/v2\/product\/10524","targetHints":{"allow":["GET"]}}],"collection":[{"href":"https:\/\/stilnovo.trizerolab.it\/fr\/wp-json\/wp\/v2\/product"}],"about":[{"href":"https:\/\/stilnovo.trizerolab.it\/fr\/wp-json\/wp\/v2\/types\/product"}],"wp:featuredmedia":[{"embeddable":true,"href":"https:\/\/stilnovo.trizerolab.it\/fr\/wp-json\/wp\/v2\/media\/6892"}],"wp:attachment":[{"href":"https:\/\/stilnovo.trizerolab.it\/fr\/wp-json\/wp\/v2\/media?parent=10524"}],"wp:term":[{"taxonomy":"product-category","embeddable":true,"href":"https:\/\/stilnovo.trizerolab.it\/fr\/wp-json\/wp\/v2\/product-category?post=10524"}],"curies":[{"name":"wp","href":"https:\/\/api.w.org\/{rel}","templated":true}]}}