{"id":10525,"date":"2025-03-31T08:15:34","date_gmt":"2025-03-31T08:15:34","guid":{"rendered":"https:\/\/www.stilnovo.com\/collection\/all\/lampiatta-3-2"},"modified":"2025-05-06T14:27:27","modified_gmt":"2025-05-06T14:27:27","slug":"lampiatta-3-2","status":"publish","type":"product","link":"https:\/\/stilnovo.trizerolab.it\/fr\/collection\/mur-plafond-fr\/lampiatta-3-2\/","title":{"rendered":"Lampiatta"},"content":{"rendered":"<p>Lampiatta est un hommage au design intelligent : une ic\u00f4ne de fonctionnalit\u00e9 et de style qui d\u00e9fie la complexit\u00e9 par une simplicit\u00e9 surprenante. Sans articulations ni m\u00e9canismes, sa lumi\u00e8re s&rsquo;oriente naturellement, s&rsquo;adaptant \u00e0 chaque espace et ambiance.<\/p>\n","protected":false},"featured_media":6862,"template":"","product-category":[73],"class_list":["post-10525","product","type-product","status-publish","has-post-thumbnail","hentry","product-category-mur-plafond-fr"],"acf":[],"_links":{"self":[{"href":"https:\/\/stilnovo.trizerolab.it\/fr\/wp-json\/wp\/v2\/product\/10525","targetHints":{"allow":["GET"]}}],"collection":[{"href":"https:\/\/stilnovo.trizerolab.it\/fr\/wp-json\/wp\/v2\/product"}],"about":[{"href":"https:\/\/stilnovo.trizerolab.it\/fr\/wp-json\/wp\/v2\/types\/product"}],"wp:featuredmedia":[{"embeddable":true,"href":"https:\/\/stilnovo.trizerolab.it\/fr\/wp-json\/wp\/v2\/media\/6862"}],"wp:attachment":[{"href":"https:\/\/stilnovo.trizerolab.it\/fr\/wp-json\/wp\/v2\/media?parent=10525"}],"wp:term":[{"taxonomy":"product-category","embeddable":true,"href":"https:\/\/stilnovo.trizerolab.it\/fr\/wp-json\/wp\/v2\/product-category?post=10525"}],"curies":[{"name":"wp","href":"https:\/\/api.w.org\/{rel}","templated":true}]}}