{"id":10526,"date":"2025-03-31T08:15:33","date_gmt":"2025-03-31T08:15:33","guid":{"rendered":"https:\/\/www.stilnovo.com\/collection\/all\/lama-2-2"},"modified":"2025-05-06T14:27:27","modified_gmt":"2025-05-06T14:27:27","slug":"lama-2-2","status":"publish","type":"product","link":"https:\/\/stilnovo.trizerolab.it\/fr\/collection\/mur-plafond-fr\/lama-2-2\/","title":{"rendered":"Lama"},"content":{"rendered":"<p>Lama est une ode au minimalisme raffin\u00e9, un manifeste d\u2019\u00e9quilibre entre l\u2019essentiel et la sophistication. Une collection qui exprime la puret\u00e9 des formes et l\u2019harmonie parfaite entre la structure et la lumi\u00e8re, devenant une signature distinctive dans les int\u00e9rieurs contemporains les plus exigeants. Le cadre en aluminium accueille avec discr\u00e9tion les diffuseurs opalins, parfaitement int\u00e9gr\u00e9s dans la g\u00e9om\u00e9trie de la lampe. De cette fusion na\u00eet une lumi\u00e8re \u00e9l\u00e9gante et discr\u00e8te, capable de modeler l\u2019espace avec douceur et rigueur.<\/p>\n","protected":false},"featured_media":6832,"template":"","product-category":[73],"class_list":["post-10526","product","type-product","status-publish","has-post-thumbnail","hentry","product-category-mur-plafond-fr"],"acf":[],"_links":{"self":[{"href":"https:\/\/stilnovo.trizerolab.it\/fr\/wp-json\/wp\/v2\/product\/10526","targetHints":{"allow":["GET"]}}],"collection":[{"href":"https:\/\/stilnovo.trizerolab.it\/fr\/wp-json\/wp\/v2\/product"}],"about":[{"href":"https:\/\/stilnovo.trizerolab.it\/fr\/wp-json\/wp\/v2\/types\/product"}],"wp:featuredmedia":[{"embeddable":true,"href":"https:\/\/stilnovo.trizerolab.it\/fr\/wp-json\/wp\/v2\/media\/6832"}],"wp:attachment":[{"href":"https:\/\/stilnovo.trizerolab.it\/fr\/wp-json\/wp\/v2\/media?parent=10526"}],"wp:term":[{"taxonomy":"product-category","embeddable":true,"href":"https:\/\/stilnovo.trizerolab.it\/fr\/wp-json\/wp\/v2\/product-category?post=10526"}],"curies":[{"name":"wp","href":"https:\/\/api.w.org\/{rel}","templated":true}]}}