{"id":10527,"date":"2025-03-31T08:15:33","date_gmt":"2025-03-31T08:15:33","guid":{"rendered":"https:\/\/www.stilnovo.com\/collection\/all\/inbilico-2"},"modified":"2025-05-06T14:27:27","modified_gmt":"2025-05-06T14:27:27","slug":"inbilico-2","status":"publish","type":"product","link":"https:\/\/stilnovo.trizerolab.it\/fr\/collection\/mur-plafond-fr\/inbilico-2\/","title":{"rendered":"Inbilico"},"content":{"rendered":"<p>Inbilico est une interpr\u00e9tation sophistiqu\u00e9e de la lumi\u00e8re r\u00e9fl\u00e9chie. Une applique murale qui na\u00eet de la rencontre entre deux volumes, cr\u00e9ant une tension visuelle et un \u00e9quilibre dynamique. Son inclinaison par rapport au mur accentue son caract\u00e8re sculptural, en faisant une pi\u00e8ce de design iconique.<\/p>\n","protected":false},"featured_media":6807,"template":"","product-category":[73],"class_list":["post-10527","product","type-product","status-publish","has-post-thumbnail","hentry","product-category-mur-plafond-fr"],"acf":[],"_links":{"self":[{"href":"https:\/\/stilnovo.trizerolab.it\/fr\/wp-json\/wp\/v2\/product\/10527","targetHints":{"allow":["GET"]}}],"collection":[{"href":"https:\/\/stilnovo.trizerolab.it\/fr\/wp-json\/wp\/v2\/product"}],"about":[{"href":"https:\/\/stilnovo.trizerolab.it\/fr\/wp-json\/wp\/v2\/types\/product"}],"wp:featuredmedia":[{"embeddable":true,"href":"https:\/\/stilnovo.trizerolab.it\/fr\/wp-json\/wp\/v2\/media\/6807"}],"wp:attachment":[{"href":"https:\/\/stilnovo.trizerolab.it\/fr\/wp-json\/wp\/v2\/media?parent=10527"}],"wp:term":[{"taxonomy":"product-category","embeddable":true,"href":"https:\/\/stilnovo.trizerolab.it\/fr\/wp-json\/wp\/v2\/product-category?post=10527"}],"curies":[{"name":"wp","href":"https:\/\/api.w.org\/{rel}","templated":true}]}}