{"id":10528,"date":"2025-03-31T08:15:33","date_gmt":"2025-03-31T08:15:33","guid":{"rendered":"https:\/\/www.stilnovo.com\/collection\/all\/honey-2-2"},"modified":"2025-05-06T14:27:27","modified_gmt":"2025-05-06T14:27:27","slug":"honey-2-2","status":"publish","type":"product","link":"https:\/\/stilnovo.trizerolab.it\/fr\/collection\/mur-plafond-fr\/honey-2-2\/","title":{"rendered":"Honey"},"content":{"rendered":"<p>Honey applique est un jeu modulaire raffin\u00e9 qui interpr\u00e8te la lumi\u00e8re comme un \u00e9l\u00e9ment architectural. Disponible en deux configurations lin\u00e9aires \u2013 trois ou neuf modules \u2013 elle rythme l\u2019espace avec harmonie et offre une \u00e9l\u00e9gance discr\u00e8te et contemporaine. Les diffuseurs ondul\u00e9s en mat\u00e9riau opalin filtrent la lumi\u00e8re avec douceur, cr\u00e9ant de subtiles nuances et des reflets dynamiques qui mettent en valeur la tridimensionnalit\u00e9 du design.<\/p>\n","protected":false},"featured_media":6782,"template":"","product-category":[73],"class_list":["post-10528","product","type-product","status-publish","has-post-thumbnail","hentry","product-category-mur-plafond-fr"],"acf":[],"_links":{"self":[{"href":"https:\/\/stilnovo.trizerolab.it\/fr\/wp-json\/wp\/v2\/product\/10528","targetHints":{"allow":["GET"]}}],"collection":[{"href":"https:\/\/stilnovo.trizerolab.it\/fr\/wp-json\/wp\/v2\/product"}],"about":[{"href":"https:\/\/stilnovo.trizerolab.it\/fr\/wp-json\/wp\/v2\/types\/product"}],"wp:featuredmedia":[{"embeddable":true,"href":"https:\/\/stilnovo.trizerolab.it\/fr\/wp-json\/wp\/v2\/media\/6782"}],"wp:attachment":[{"href":"https:\/\/stilnovo.trizerolab.it\/fr\/wp-json\/wp\/v2\/media?parent=10528"}],"wp:term":[{"taxonomy":"product-category","embeddable":true,"href":"https:\/\/stilnovo.trizerolab.it\/fr\/wp-json\/wp\/v2\/product-category?post=10528"}],"curies":[{"name":"wp","href":"https:\/\/api.w.org\/{rel}","templated":true}]}}