{"id":10531,"date":"2025-03-31T08:15:32","date_gmt":"2025-03-31T08:15:32","guid":{"rendered":"https:\/\/www.stilnovo.com\/collection\/all\/galassia-3-2"},"modified":"2025-05-06T14:27:27","modified_gmt":"2025-05-06T14:27:27","slug":"galassia-3-2","status":"publish","type":"product","link":"https:\/\/stilnovo.trizerolab.it\/fr\/collection\/mur-plafond-fr\/galassia-3-2\/","title":{"rendered":"Galassia"},"content":{"rendered":"<p>Galassia Parete est une lampe qui incarne tout le charme intemporel des ann\u00e9es 50, gr\u00e2ce \u00e0 son design raffin\u00e9 et \u00e0 ses mat\u00e9riaux de haute qualit\u00e9. Des lignes \u00e9l\u00e9gantes et des d\u00e9tails soign\u00e9s se fondent en parfaite harmonie entre nostalgie et modernit\u00e9, cr\u00e9ant un \u00e9clairage sophistiqu\u00e9 et plein de caract\u00e8re.<\/p>\n","protected":false},"featured_media":6692,"template":"","product-category":[73],"class_list":["post-10531","product","type-product","status-publish","has-post-thumbnail","hentry","product-category-mur-plafond-fr"],"acf":[],"_links":{"self":[{"href":"https:\/\/stilnovo.trizerolab.it\/fr\/wp-json\/wp\/v2\/product\/10531","targetHints":{"allow":["GET"]}}],"collection":[{"href":"https:\/\/stilnovo.trizerolab.it\/fr\/wp-json\/wp\/v2\/product"}],"about":[{"href":"https:\/\/stilnovo.trizerolab.it\/fr\/wp-json\/wp\/v2\/types\/product"}],"wp:featuredmedia":[{"embeddable":true,"href":"https:\/\/stilnovo.trizerolab.it\/fr\/wp-json\/wp\/v2\/media\/6692"}],"wp:attachment":[{"href":"https:\/\/stilnovo.trizerolab.it\/fr\/wp-json\/wp\/v2\/media?parent=10531"}],"wp:term":[{"taxonomy":"product-category","embeddable":true,"href":"https:\/\/stilnovo.trizerolab.it\/fr\/wp-json\/wp\/v2\/product-category?post=10531"}],"curies":[{"name":"wp","href":"https:\/\/api.w.org\/{rel}","templated":true}]}}