{"id":10532,"date":"2025-03-31T08:15:32","date_gmt":"2025-03-31T08:15:32","guid":{"rendered":"https:\/\/www.stilnovo.com\/collection\/all\/fante-2-2"},"modified":"2025-05-06T14:27:32","modified_gmt":"2025-05-06T14:27:32","slug":"fante-2-2","status":"publish","type":"product","link":"https:\/\/stilnovo.trizerolab.it\/fr\/collection\/mur-plafond-fr\/fante-2-2\/","title":{"rendered":"Fante"},"content":{"rendered":"<p>La lumi\u00e8re de Fante se fa\u00e7onne avec une extr\u00eame facilit\u00e9, gr\u00e2ce \u00e0 son r\u00e9flecteur orientable raffin\u00e9, positionn\u00e9 directement sur l\u2019ampoule. Un d\u00e9tail distinctif qui met en valeur la puret\u00e9 du design tout en offrant une polyvalence in\u00e9gal\u00e9e, permettant d\u2019orienter la lumi\u00e8re avec pr\u00e9cision et harmonie.<\/p>\n","protected":false},"featured_media":6662,"template":"","product-category":[73],"class_list":["post-10532","product","type-product","status-publish","has-post-thumbnail","hentry","product-category-mur-plafond-fr"],"acf":[],"_links":{"self":[{"href":"https:\/\/stilnovo.trizerolab.it\/fr\/wp-json\/wp\/v2\/product\/10532","targetHints":{"allow":["GET"]}}],"collection":[{"href":"https:\/\/stilnovo.trizerolab.it\/fr\/wp-json\/wp\/v2\/product"}],"about":[{"href":"https:\/\/stilnovo.trizerolab.it\/fr\/wp-json\/wp\/v2\/types\/product"}],"wp:featuredmedia":[{"embeddable":true,"href":"https:\/\/stilnovo.trizerolab.it\/fr\/wp-json\/wp\/v2\/media\/6662"}],"wp:attachment":[{"href":"https:\/\/stilnovo.trizerolab.it\/fr\/wp-json\/wp\/v2\/media?parent=10532"}],"wp:term":[{"taxonomy":"product-category","embeddable":true,"href":"https:\/\/stilnovo.trizerolab.it\/fr\/wp-json\/wp\/v2\/product-category?post=10532"}],"curies":[{"name":"wp","href":"https:\/\/api.w.org\/{rel}","templated":true}]}}