{"id":10563,"date":"2025-03-31T08:15:32","date_gmt":"2025-03-31T08:15:32","guid":{"rendered":"https:\/\/www.stilnovo.com\/collection\/all\/dynamic-2"},"modified":"2025-05-06T14:27:32","modified_gmt":"2025-05-06T14:27:32","slug":"dynamic-2","status":"publish","type":"product","link":"https:\/\/stilnovo.trizerolab.it\/fr\/collection\/mur-plafond-fr\/dynamic-2\/","title":{"rendered":"Dynamic"},"content":{"rendered":"<p>Dynamic est une collection de lampes en verre souffl\u00e9 de Murano qui allie le savoir-faire traditionnel et la technologie moderne pour cr\u00e9er une lumi\u00e8re intense et homog\u00e8ne.<\/p>\n","protected":false},"featured_media":6632,"template":"","product-category":[73],"class_list":["post-10563","product","type-product","status-publish","has-post-thumbnail","hentry","product-category-mur-plafond-fr"],"acf":[],"_links":{"self":[{"href":"https:\/\/stilnovo.trizerolab.it\/fr\/wp-json\/wp\/v2\/product\/10563","targetHints":{"allow":["GET"]}}],"collection":[{"href":"https:\/\/stilnovo.trizerolab.it\/fr\/wp-json\/wp\/v2\/product"}],"about":[{"href":"https:\/\/stilnovo.trizerolab.it\/fr\/wp-json\/wp\/v2\/types\/product"}],"wp:featuredmedia":[{"embeddable":true,"href":"https:\/\/stilnovo.trizerolab.it\/fr\/wp-json\/wp\/v2\/media\/6632"}],"wp:attachment":[{"href":"https:\/\/stilnovo.trizerolab.it\/fr\/wp-json\/wp\/v2\/media?parent=10563"}],"wp:term":[{"taxonomy":"product-category","embeddable":true,"href":"https:\/\/stilnovo.trizerolab.it\/fr\/wp-json\/wp\/v2\/product-category?post=10563"}],"curies":[{"name":"wp","href":"https:\/\/api.w.org\/{rel}","templated":true}]}}