{"id":10564,"date":"2025-03-31T08:15:32","date_gmt":"2025-03-31T08:15:32","guid":{"rendered":"https:\/\/www.stilnovo.com\/collection\/all\/diphy-3-2"},"modified":"2025-05-06T14:27:32","modified_gmt":"2025-05-06T14:27:32","slug":"diphy-3-2","status":"publish","type":"product","link":"https:\/\/stilnovo.trizerolab.it\/fr\/collection\/mur-plafond-fr\/diphy-3-2\/","title":{"rendered":"Diphy"},"content":{"rendered":"<p>Diphy est une collection d\u2019\u00e9l\u00e9ments lumineux au charme \u00e9th\u00e9r\u00e9, o\u00f9 la transparence et la l\u00e9g\u00e8ret\u00e9 des formes rencontrent l\u2019innovation technologique la plus avanc\u00e9e. Inspir\u00e9e par la d\u00e9licatesse du monde naturel, cette collection associe une esth\u00e9tique organique \u00e0 un c\u0153ur technologique, cr\u00e9ant un \u00e9clairage qui semble suspendu dans le temps et l\u2019espace.<\/p>\n<p>Son design raffin\u00e9 et intemporel a \u00e9t\u00e9 r\u00e9compens\u00e9 par la Mention d\u2019Honneur au Compasso d&rsquo;Oro ADI 2018 et le Red Dot Design Award 2017.<\/p>\n","protected":false},"featured_media":6607,"template":"","product-category":[73],"class_list":["post-10564","product","type-product","status-publish","has-post-thumbnail","hentry","product-category-mur-plafond-fr"],"acf":[],"_links":{"self":[{"href":"https:\/\/stilnovo.trizerolab.it\/fr\/wp-json\/wp\/v2\/product\/10564","targetHints":{"allow":["GET"]}}],"collection":[{"href":"https:\/\/stilnovo.trizerolab.it\/fr\/wp-json\/wp\/v2\/product"}],"about":[{"href":"https:\/\/stilnovo.trizerolab.it\/fr\/wp-json\/wp\/v2\/types\/product"}],"wp:featuredmedia":[{"embeddable":true,"href":"https:\/\/stilnovo.trizerolab.it\/fr\/wp-json\/wp\/v2\/media\/6607"}],"wp:attachment":[{"href":"https:\/\/stilnovo.trizerolab.it\/fr\/wp-json\/wp\/v2\/media?parent=10564"}],"wp:term":[{"taxonomy":"product-category","embeddable":true,"href":"https:\/\/stilnovo.trizerolab.it\/fr\/wp-json\/wp\/v2\/product-category?post=10564"}],"curies":[{"name":"wp","href":"https:\/\/api.w.org\/{rel}","templated":true}]}}