{"id":10565,"date":"2025-03-31T08:15:32","date_gmt":"2025-03-31T08:15:32","guid":{"rendered":"https:\/\/www.stilnovo.com\/collection\/all\/demi-2-2"},"modified":"2025-05-06T14:27:32","modified_gmt":"2025-05-06T14:27:32","slug":"demi-2-2","status":"publish","type":"product","link":"https:\/\/stilnovo.trizerolab.it\/fr\/collection\/mur-plafond-fr\/demi-2-2\/","title":{"rendered":"Dem\u00ec"},"content":{"rendered":"<p>\u00c9teinte, Dem\u00ec se pr\u00e9sente comme un majestueux d\u00f4me transparent, un parfait \u00e9quilibre entre l\u00e9g\u00e8ret\u00e9 et \u00e9l\u00e9gance discr\u00e8te. Lorsqu\u2019elle s\u2019allume, la magie op\u00e8re : sa surface finement micro-incis\u00e9e au laser capte et diffuse la lumi\u00e8re avec une harmonie extraordinaire, tandis que son bord inf\u00e9rieur \u00e9met une lueur douce et enveloppante. Le r\u00e9sultat est un \u00e9clairage sophistiqu\u00e9 et envo\u00fbtant, sublimant chaque espace d\u2019une touche d\u2019\u00e9l\u00e9gance exclusive.<\/p>\n","protected":false},"featured_media":6577,"template":"","product-category":[73],"class_list":["post-10565","product","type-product","status-publish","has-post-thumbnail","hentry","product-category-mur-plafond-fr"],"acf":[],"_links":{"self":[{"href":"https:\/\/stilnovo.trizerolab.it\/fr\/wp-json\/wp\/v2\/product\/10565","targetHints":{"allow":["GET"]}}],"collection":[{"href":"https:\/\/stilnovo.trizerolab.it\/fr\/wp-json\/wp\/v2\/product"}],"about":[{"href":"https:\/\/stilnovo.trizerolab.it\/fr\/wp-json\/wp\/v2\/types\/product"}],"wp:featuredmedia":[{"embeddable":true,"href":"https:\/\/stilnovo.trizerolab.it\/fr\/wp-json\/wp\/v2\/media\/6577"}],"wp:attachment":[{"href":"https:\/\/stilnovo.trizerolab.it\/fr\/wp-json\/wp\/v2\/media?parent=10565"}],"wp:term":[{"taxonomy":"product-category","embeddable":true,"href":"https:\/\/stilnovo.trizerolab.it\/fr\/wp-json\/wp\/v2\/product-category?post=10565"}],"curies":[{"name":"wp","href":"https:\/\/api.w.org\/{rel}","templated":true}]}}