{"id":10566,"date":"2025-03-31T08:15:31","date_gmt":"2025-03-31T08:15:31","guid":{"rendered":"https:\/\/www.stilnovo.com\/collection\/all\/bugia-2-2"},"modified":"2025-05-06T14:27:32","modified_gmt":"2025-05-06T14:27:32","slug":"bugia-2-2","status":"publish","type":"product","link":"https:\/\/stilnovo.trizerolab.it\/fr\/collection\/mur-plafond-fr\/bugia-2-2\/","title":{"rendered":"Bugia"},"content":{"rendered":"<p>\u00c9voquant le charme intemporel des bougies anciennes, la lampe Bugia de Stilnovo r\u00e9interpr\u00e8te avec \u00e9l\u00e9gance et innovation le classique bougeoir \u00e0 anse. Con\u00e7ue par Roberto Beretta, elle allie tradition et modernit\u00e9, transformant un objet iconique en une pi\u00e8ce d\u2019\u00e9clairage raffin\u00e9e.<\/p>\n<p>Le nom Bugia trouve ses racines dans l\u2019histoire : il provient de la ville nord-africaine de Bidgiaya, autrefois c\u00e9l\u00e8bre pour sa production de cire pr\u00e9cieuse destin\u00e9e aux bougies. Aujourd\u2019hui, cette lampe perp\u00e9tue cet esprit \u00e9vocateur, offrant une lumi\u00e8re chaude et enveloppante qui enrichit chaque espace d\u2019une touche de sophistication \u00e9pur\u00e9e.<\/p>\n<p>Un hommage \u00e0 l\u2019histoire, pens\u00e9 pour le pr\u00e9sent.<\/p>\n","protected":false},"featured_media":6547,"template":"","product-category":[73],"class_list":["post-10566","product","type-product","status-publish","has-post-thumbnail","hentry","product-category-mur-plafond-fr"],"acf":[],"_links":{"self":[{"href":"https:\/\/stilnovo.trizerolab.it\/fr\/wp-json\/wp\/v2\/product\/10566","targetHints":{"allow":["GET"]}}],"collection":[{"href":"https:\/\/stilnovo.trizerolab.it\/fr\/wp-json\/wp\/v2\/product"}],"about":[{"href":"https:\/\/stilnovo.trizerolab.it\/fr\/wp-json\/wp\/v2\/types\/product"}],"wp:featuredmedia":[{"embeddable":true,"href":"https:\/\/stilnovo.trizerolab.it\/fr\/wp-json\/wp\/v2\/media\/6547"}],"wp:attachment":[{"href":"https:\/\/stilnovo.trizerolab.it\/fr\/wp-json\/wp\/v2\/media?parent=10566"}],"wp:term":[{"taxonomy":"product-category","embeddable":true,"href":"https:\/\/stilnovo.trizerolab.it\/fr\/wp-json\/wp\/v2\/product-category?post=10566"}],"curies":[{"name":"wp","href":"https:\/\/api.w.org\/{rel}","templated":true}]}}