{"id":10568,"date":"2025-03-31T08:15:31","date_gmt":"2025-03-31T08:15:31","guid":{"rendered":"https:\/\/www.stilnovo.com\/collection\/all\/triedro-2-2"},"modified":"2025-05-06T14:27:32","modified_gmt":"2025-05-06T14:27:32","slug":"triedro-2-2","status":"publish","type":"product","link":"https:\/\/stilnovo.trizerolab.it\/fr\/collection\/suspension-fr\/triedro-2-2\/","title":{"rendered":"Triedro"},"content":{"rendered":"<p>Du catalogue Stilnovo de 1976 \u00e0 nos jours, Triedro incarne l&rsquo;\u00e9l\u00e9gance fonctionnelle du design italien, avec une esth\u00e9tique qui \u00e9voque les lampes iconiques des studios photographiques. Con\u00e7ue avec un \u00e9quilibre parfait entre ing\u00e9nierie et po\u00e9sie de la lumi\u00e8re, cette suspension repr\u00e9sente un exemple sublime d\u2019\u00e9clairage technique et d\u00e9coratif.<\/p>\n","protected":false},"featured_media":6487,"template":"","product-category":[81],"class_list":["post-10568","product","type-product","status-publish","has-post-thumbnail","hentry","product-category-suspension-fr"],"acf":[],"_links":{"self":[{"href":"https:\/\/stilnovo.trizerolab.it\/fr\/wp-json\/wp\/v2\/product\/10568","targetHints":{"allow":["GET"]}}],"collection":[{"href":"https:\/\/stilnovo.trizerolab.it\/fr\/wp-json\/wp\/v2\/product"}],"about":[{"href":"https:\/\/stilnovo.trizerolab.it\/fr\/wp-json\/wp\/v2\/types\/product"}],"wp:featuredmedia":[{"embeddable":true,"href":"https:\/\/stilnovo.trizerolab.it\/fr\/wp-json\/wp\/v2\/media\/6487"}],"wp:attachment":[{"href":"https:\/\/stilnovo.trizerolab.it\/fr\/wp-json\/wp\/v2\/media?parent=10568"}],"wp:term":[{"taxonomy":"product-category","embeddable":true,"href":"https:\/\/stilnovo.trizerolab.it\/fr\/wp-json\/wp\/v2\/product-category?post=10568"}],"curies":[{"name":"wp","href":"https:\/\/api.w.org\/{rel}","templated":true}]}}