{"id":10569,"date":"2025-03-31T08:15:31","date_gmt":"2025-03-31T08:15:31","guid":{"rendered":"https:\/\/www.stilnovo.com\/collection\/all\/trepiu-2"},"modified":"2025-05-06T14:27:32","modified_gmt":"2025-05-06T14:27:32","slug":"trepiu-2","status":"publish","type":"product","link":"https:\/\/stilnovo.trizerolab.it\/fr\/collection\/suspension-fr\/trepiu-2\/","title":{"rendered":"Trepi\u00f9"},"content":{"rendered":"<p>Trepi\u00f9 est une suspension au charme intemporel, capable d\u2019\u00e9voquer des atmosph\u00e8res r\u00e9tro tout en conservant une \u00e9tonnante modernit\u00e9. Son design iconique, n\u00e9 \u00e0 une \u00e9poque de grande exp\u00e9rimentation stylistique, continue d\u2019illuminer les espaces avec une \u00e9l\u00e9gance sobre et raffin\u00e9e.<\/p>\n","protected":false},"featured_media":7532,"template":"","product-category":[81],"class_list":["post-10569","product","type-product","status-publish","has-post-thumbnail","hentry","product-category-suspension-fr"],"acf":[],"_links":{"self":[{"href":"https:\/\/stilnovo.trizerolab.it\/fr\/wp-json\/wp\/v2\/product\/10569","targetHints":{"allow":["GET"]}}],"collection":[{"href":"https:\/\/stilnovo.trizerolab.it\/fr\/wp-json\/wp\/v2\/product"}],"about":[{"href":"https:\/\/stilnovo.trizerolab.it\/fr\/wp-json\/wp\/v2\/types\/product"}],"wp:featuredmedia":[{"embeddable":true,"href":"https:\/\/stilnovo.trizerolab.it\/fr\/wp-json\/wp\/v2\/media\/7532"}],"wp:attachment":[{"href":"https:\/\/stilnovo.trizerolab.it\/fr\/wp-json\/wp\/v2\/media?parent=10569"}],"wp:term":[{"taxonomy":"product-category","embeddable":true,"href":"https:\/\/stilnovo.trizerolab.it\/fr\/wp-json\/wp\/v2\/product-category?post=10569"}],"curies":[{"name":"wp","href":"https:\/\/api.w.org\/{rel}","templated":true}]}}