{"id":10603,"date":"2025-03-31T08:15:30","date_gmt":"2025-03-31T08:15:30","guid":{"rendered":"https:\/\/www.stilnovo.com\/collection\/all\/saliscendi-2"},"modified":"2025-05-06T14:27:37","modified_gmt":"2025-05-06T14:27:37","slug":"saliscendi-2","status":"publish","type":"product","link":"https:\/\/stilnovo.trizerolab.it\/fr\/collection\/suspension-fr\/saliscendi-2\/","title":{"rendered":"Saliscendi"},"content":{"rendered":"<p>Con\u00e7ue en 1957 et r\u00e9compens\u00e9e par la Mention d\u2019Honneur au Compasso d&rsquo;Oro ADI, Saliscendi est une lampe \u00e0 suspension r\u00e9glable \u00e0 double \u00e9mission, capable de moduler la lumi\u00e8re directe et indirecte d\u2019un simple geste. Le corps lumineux et le disque r\u00e9fl\u00e9chissant glissent le long des c\u00e2bles en mouvement inverse, offrant un \u00e9clairage dynamique et personnalisable. Cr\u00e9\u00e9e \u00e0 l&rsquo;origine pour la Chambre de Commerce de Milan, Saliscendi est aujourd\u2019hui r\u00e9\u00e9dit\u00e9e avec des sources LED dimmables, tout en pr\u00e9servant la brillance du projet original.<\/p>\n","protected":false},"featured_media":6352,"template":"","product-category":[81],"class_list":["post-10603","product","type-product","status-publish","has-post-thumbnail","hentry","product-category-suspension-fr"],"acf":[],"_links":{"self":[{"href":"https:\/\/stilnovo.trizerolab.it\/fr\/wp-json\/wp\/v2\/product\/10603","targetHints":{"allow":["GET"]}}],"collection":[{"href":"https:\/\/stilnovo.trizerolab.it\/fr\/wp-json\/wp\/v2\/product"}],"about":[{"href":"https:\/\/stilnovo.trizerolab.it\/fr\/wp-json\/wp\/v2\/types\/product"}],"wp:featuredmedia":[{"embeddable":true,"href":"https:\/\/stilnovo.trizerolab.it\/fr\/wp-json\/wp\/v2\/media\/6352"}],"wp:attachment":[{"href":"https:\/\/stilnovo.trizerolab.it\/fr\/wp-json\/wp\/v2\/media?parent=10603"}],"wp:term":[{"taxonomy":"product-category","embeddable":true,"href":"https:\/\/stilnovo.trizerolab.it\/fr\/wp-json\/wp\/v2\/product-category?post=10603"}],"curies":[{"name":"wp","href":"https:\/\/api.w.org\/{rel}","templated":true}]}}