{"id":10605,"date":"2025-03-31T08:15:30","date_gmt":"2025-03-31T08:15:30","guid":{"rendered":"https:\/\/www.stilnovo.com\/collection\/all\/quad-3"},"modified":"2025-05-06T14:27:37","modified_gmt":"2025-05-06T14:27:37","slug":"quad-3","status":"publish","type":"product","link":"https:\/\/stilnovo.trizerolab.it\/fr\/collection\/suspension-fr\/quad-3\/","title":{"rendered":"Quad"},"content":{"rendered":"<p>Des lignes essentielles et des proportions rigoureuses se fondent en structures l\u00e9g\u00e8res mais spectaculaires, o\u00f9 la lumi\u00e8re devient la v\u00e9ritable protagoniste, dessinant l\u2019espace avec \u00e9l\u00e9gance et pr\u00e9cision. Quad est con\u00e7ue pour des environnements o\u00f9 l\u2019impact graphique doit \u00eatre distinctif et raffin\u00e9 : chaque composition exprime une vision sur mesure de l\u2019\u00e9quilibre entre design et architecture, entre forme et lumi\u00e8re.<\/p>\n","protected":false},"featured_media":8095,"template":"","product-category":[81],"class_list":["post-10605","product","type-product","status-publish","has-post-thumbnail","hentry","product-category-suspension-fr"],"acf":[],"_links":{"self":[{"href":"https:\/\/stilnovo.trizerolab.it\/fr\/wp-json\/wp\/v2\/product\/10605","targetHints":{"allow":["GET"]}}],"collection":[{"href":"https:\/\/stilnovo.trizerolab.it\/fr\/wp-json\/wp\/v2\/product"}],"about":[{"href":"https:\/\/stilnovo.trizerolab.it\/fr\/wp-json\/wp\/v2\/types\/product"}],"wp:featuredmedia":[{"embeddable":true,"href":"https:\/\/stilnovo.trizerolab.it\/fr\/wp-json\/wp\/v2\/media\/8095"}],"wp:attachment":[{"href":"https:\/\/stilnovo.trizerolab.it\/fr\/wp-json\/wp\/v2\/media?parent=10605"}],"wp:term":[{"taxonomy":"product-category","embeddable":true,"href":"https:\/\/stilnovo.trizerolab.it\/fr\/wp-json\/wp\/v2\/product-category?post=10605"}],"curies":[{"name":"wp","href":"https:\/\/api.w.org\/{rel}","templated":true}]}}